{"id":11484,"date":"2025-06-11T10:17:58","date_gmt":"2025-06-11T08:17:58","guid":{"rendered":"https:\/\/www.embit.eu\/software-firmware-development\/"},"modified":"2026-02-16T12:45:43","modified_gmt":"2026-02-16T11:45:43","slug":"software-firmware-development","status":"publish","type":"page","link":"https:\/\/www.embit.eu\/it\/software-firmware-development\/","title":{"rendered":"Software &amp; Firmware Development"},"content":{"rendered":"<p>[et_pb_section fb_built=&#8221;1&#8243; custom_padding_last_edited=&#8221;on|desktop&#8221; next_background_color=&#8221;#ffffff&#8221; admin_label=&#8221;Header&#8221; _builder_version=&#8221;4.16&#8243; background_color_gradient_direction=&#8221;130deg&#8221; background_image=&#8221;https:\/\/www.embit.eu\/wp-content\/uploads\/2021\/10\/header-Recuperato-03-Firmware.png&#8221; background_position=&#8221;bottom_center&#8221; custom_padding=&#8221;7vw||10vw||false|false&#8221; custom_padding_tablet=&#8221;100px||100px||true&#8221; custom_padding_phone=&#8221;||||true&#8221; bottom_divider_style=&#8221;ramp2&#8243; bottom_divider_height=&#8221;250px&#8221; bottom_divider_flip=&#8221;horizontal&#8221; bottom_divider_height_tablet=&#8221;150px&#8221; bottom_divider_height_phone=&#8221;110px&#8221; bottom_divider_height_last_edited=&#8221;on|phone&#8221; saved_tabs=&#8221;all&#8221; global_colors_info=&#8221;{}&#8221;][et_pb_row _builder_version=&#8221;4.16&#8243; global_colors_info=&#8221;{}&#8221;][et_pb_column type=&#8221;4_4&#8243; _builder_version=&#8221;4.16&#8243; custom_padding=&#8221;|||&#8221; global_colors_info=&#8221;{}&#8221; custom_padding__hover=&#8221;|||&#8221;][et_pb_text _builder_version=&#8221;4.27.4&#8243; text_font=&#8221;Roboto||||||||&#8221; text_font_size=&#8221;16px&#8221; text_line_height=&#8221;1.8em&#8221; header_font=&#8221;Roboto|700|||||||&#8221; header_text_align=&#8221;center&#8221; header_font_size=&#8221;80px&#8221; header_line_height=&#8221;1.2em&#8221; header_3_font=&#8221;Roboto|700||on|||||&#8221; header_3_text_align=&#8221;center&#8221; header_3_text_color=&#8221;#ffffff&#8221; header_3_font_size=&#8221;24px&#8221; header_3_letter_spacing=&#8221;10px&#8221; header_3_line_height=&#8221;2em&#8221; text_orientation=&#8221;center&#8221; background_layout=&#8221;dark&#8221; module_alignment=&#8221;center&#8221; text_font_size_last_edited=&#8221;off|desktop&#8221; header_font_size_tablet=&#8221;40px&#8221; header_font_size_phone=&#8221;32px&#8221; header_font_size_last_edited=&#8221;on|phone&#8221; header_3_font_size_tablet=&#8221;16px&#8221; header_3_font_size_phone=&#8221;14px&#8221; header_3_font_size_last_edited=&#8221;on|phone&#8221; header_3_letter_spacing_tablet=&#8221;5px&#8221; header_3_letter_spacing_phone=&#8221;&#8221; header_3_letter_spacing_last_edited=&#8221;on|tablet&#8221; global_colors_info=&#8221;{}&#8221;]<\/p>\n<h3>EMBIT<\/h3>\n<h1>Software &amp; Firmware Development<\/h1>\n<p>[\/et_pb_text][et_pb_text _builder_version=&#8221;4.27.4&#8243; text_font=&#8221;||||||||&#8221; text_font_size=&#8221;20px&#8221; text_line_height=&#8221;2em&#8221; ul_font=&#8221;||||||||&#8221; header_font=&#8221;Roboto|700|||||||&#8221; header_text_align=&#8221;center&#8221; header_font_size=&#8221;80px&#8221; header_line_height=&#8221;1.2em&#8221; header_3_font=&#8221;Roboto|700||on|||||&#8221; header_3_text_align=&#8221;center&#8221; header_3_text_color=&#8221;#ffffff&#8221; header_3_font_size=&#8221;24px&#8221; header_3_letter_spacing=&#8221;10px&#8221; header_3_line_height=&#8221;2em&#8221; text_orientation=&#8221;center&#8221; background_layout=&#8221;dark&#8221; max_width=&#8221;800px&#8221; module_alignment=&#8221;center&#8221; text_font_size_last_edited=&#8221;off|desktop&#8221; header_font_size_tablet=&#8221;40px&#8221; header_font_size_phone=&#8221;32px&#8221; header_font_size_last_edited=&#8221;on|phone&#8221; header_3_font_size_tablet=&#8221;16px&#8221; header_3_font_size_phone=&#8221;14px&#8221; header_3_font_size_last_edited=&#8221;on|phone&#8221; header_3_letter_spacing_tablet=&#8221;5px&#8221; header_3_letter_spacing_phone=&#8221;&#8221; header_3_letter_spacing_last_edited=&#8221;on|tablet&#8221; global_colors_info=&#8221;{}&#8221;][\/et_pb_text][\/et_pb_column][\/et_pb_row][\/et_pb_section][et_pb_section fb_built=&#8221;1&#8243; _builder_version=&#8221;4.27.4&#8243; custom_padding=&#8221;||29px|||&#8221; global_colors_info=&#8221;{}&#8221;][et_pb_row disabled_on=&#8221;on|on|on&#8221; _builder_version=&#8221;4.27.4&#8243; _module_preset=&#8221;default&#8221; custom_padding=&#8221;||2px|||&#8221; disabled=&#8221;on&#8221; locked=&#8221;off&#8221; global_colors_info=&#8221;{}&#8221;][et_pb_column type=&#8221;4_4&#8243; _builder_version=&#8221;4.16&#8243; _module_preset=&#8221;default&#8221; global_colors_info=&#8221;{}&#8221;][et_pb_code _builder_version=&#8221;4.16&#8243; _module_preset=&#8221;default&#8221; global_colors_info=&#8221;{}&#8221;]<div class=\"woocommerce columns-4 \"><\/div><!-- [et_pb_line_break_holder] -->[\/et_pb_code][\/et_pb_column][\/et_pb_row][et_pb_row _builder_version=&#8221;4.27.4&#8243; _module_preset=&#8221;default&#8221; global_colors_info=&#8221;{}&#8221;][et_pb_column type=&#8221;4_4&#8243; _builder_version=&#8221;4.27.4&#8243; _module_preset=&#8221;default&#8221; global_colors_info=&#8221;{}&#8221;][et_pb_text admin_label=&#8221;Text&#8221; _builder_version=&#8221;4.27.4&#8243; text_font=&#8221;||||||||&#8221; text_line_height=&#8221;2em&#8221; ul_font=&#8221;||||||||&#8221; header_font=&#8221;||||||||&#8221; header_2_font=&#8221;Roboto|700|||||||&#8221; header_2_font_size=&#8221;35px&#8221; header_2_letter_spacing=&#8221;2px&#8221; header_2_line_height=&#8221;1.2em&#8221; header_3_font=&#8221;||||||||&#8221; max_width=&#8221;100%&#8221; max_width_last_edited=&#8221;off|desktop&#8221; module_alignment=&#8221;center&#8221; custom_margin=&#8221;|||15px||&#8221; custom_padding=&#8221;|0px|||false|false&#8221; custom_padding_tablet=&#8221;|||75px|false|false&#8221; custom_padding_phone=&#8221;|0px||40px|false|false&#8221; custom_padding_last_edited=&#8221;on|tablet&#8221; header_2_font_size_tablet=&#8221;35px&#8221; header_2_font_size_phone=&#8221;28px&#8221; header_2_font_size_last_edited=&#8221;on|desktop&#8221; border_color_all=&#8221;rgba(0,0,0,0)&#8221; locked=&#8221;off&#8221; global_colors_info=&#8221;{}&#8221;]<\/p>\n<h2 data-start=\"0\" data-end=\"64\"><strong data-start=\"0\" data-end=\"64\">Sviluppo Software &amp; Firmware per soluzioni Embedded RF &amp; IoT<\/strong><\/h2>\n<p data-start=\"66\" data-end=\"321\">Embit progetta e sviluppa soluzioni embedded complete per applicazioni <strong data-start=\"137\" data-end=\"165\">Internet of Things (IoT)<\/strong>, combinando moduli RF ad alte prestazioni con firmware e software su misura che alimentano sistemi wireless affidabili, scalabili e di livello industriale.<\/p>\n<p data-start=\"323\" data-end=\"856\">A differenza dei fornitori tradizionali di moduli, non forniamo solo hardware: offriamo l\u2019intera base software e firmware necessaria per accelerare il <strong data-start=\"474\" data-end=\"492\">time-to-market<\/strong>, ridurre la complessit\u00e0 di integrazione e garantire prestazioni a lungo termine. Dallo stack standard <strong data-start=\"595\" data-end=\"606\">LoRaWAN<\/strong> e <strong data-start=\"609\" data-end=\"627\">Wireless M-Bus<\/strong> ai protocolli wireless personalizzati, il nostro team multidisciplinare copre tutto, dal firmware a basso livello per microcontrollori agli strumenti lato host, assicurando prestazioni coerenti ed efficienti in tutto il sistema.<\/p>\n<p data-start=\"858\" data-end=\"1155\">Le nostre soluzioni sono adottate da aziende leader nei settori <strong data-start=\"922\" data-end=\"940\">smart metering<\/strong>, <strong data-start=\"942\" data-end=\"958\">smart cities<\/strong>, <strong data-start=\"960\" data-end=\"989\">agricoltura di precisione<\/strong> e <strong data-start=\"992\" data-end=\"1019\">automazione industriale<\/strong>, grazie al nostro approccio unificato di <strong data-start=\"1061\" data-end=\"1092\">co-design hardware-software<\/strong> e alla profonda esperienza nelle tecnologie wireless embedded.<\/p>\n<h3 data-start=\"1162\" data-end=\"1197\">Firmware Embedded per Moduli RF<\/h3>\n<p data-start=\"1198\" data-end=\"1435\">Il nostro sviluppo firmware interno \u00e8 strettamente integrato con la progettazione hardware, permettendo un funzionamento ottimizzato dei moduli RF in molteplici applicazioni, con firmware personalizzato e sviluppo di protocolli dedicati.<\/p>\n<p data-start=\"1437\" data-end=\"1602\">I nostri moduli sono impiegati in smart cities, agricoltura, utilities e monitoraggio industriale, dove <strong data-start=\"1541\" data-end=\"1583\">robustezza, affidabilit\u00e0 ed efficienza<\/strong> sono fondamentali.<\/p>\n<h3 data-start=\"1609\" data-end=\"1656\">Software Host &amp; Strumenti di Configurazione<\/h3>\n<p data-start=\"1657\" data-end=\"1809\">Per facilitare deployment e gestione, sviluppiamo strumenti software e librerie multipiattaforma che completano i nostri moduli RF e gli stack embedded:<\/p>\n<ul data-start=\"1811\" data-end=\"2118\">\n<li data-start=\"1811\" data-end=\"1901\">\n<p data-start=\"1813\" data-end=\"1901\">Sistemi operativi personalizzati basati su <strong data-start=\"1856\" data-end=\"1865\">Linux<\/strong> per gateway e dispositivi con CPU<\/p>\n<\/li>\n<li data-start=\"1902\" data-end=\"1965\">\n<p data-start=\"1904\" data-end=\"1965\"><strong data-start=\"1904\" data-end=\"1920\">SDK Python\/C<\/strong> per l\u2019integrazione nello stack applicativo<\/p>\n<\/li>\n<li data-start=\"1966\" data-end=\"2046\">\n<p data-start=\"1968\" data-end=\"2046\">Strumenti <strong data-start=\"1978\" data-end=\"1991\">CLI e GUI<\/strong> per configurazione dei moduli, test RF e diagnostica<\/p>\n<\/li>\n<li data-start=\"2047\" data-end=\"2118\">\n<p data-start=\"2049\" data-end=\"2118\"><strong data-start=\"2049\" data-end=\"2079\">Interfacce web e dashboard<\/strong> per la visualizzazione delle reti RF<\/p>\n<\/li>\n<\/ul>\n<p data-start=\"2120\" data-end=\"2234\">Questi strumenti sono essenziali per ridurre il time-to-market e semplificare l\u2019integrazione a livello di sistema.<\/p>\n<h3 data-start=\"2241\" data-end=\"2290\">Sviluppo Unificato Hardware-Firmware-Software<\/h3>\n<p data-start=\"2291\" data-end=\"2647\">Ci\u00f2 che distingue Embit \u00e8 la capacit\u00e0 di fornire soluzioni completamente integrate <strong data-start=\"2374\" data-end=\"2408\">hardware + firmware + software<\/strong> per l\u2019IoT wireless. Il nostro team multidisciplinare garantisce che ogni livello \u2014 dalla progettazione radio alla logica applicativa \u2014 lavori in perfetta sinergia. Questo approccio olistico \u00e8 fondamentale in implementazioni critiche come:<\/p>\n<ul data-start=\"2649\" data-end=\"2907\" data-is-last-node=\"\" data-is-only-node=\"\">\n<li data-start=\"2649\" data-end=\"2732\">\n<p data-start=\"2651\" data-end=\"2732\">Gateway e end-device <strong data-start=\"2672\" data-end=\"2683\">LoRaWAN<\/strong> per monitoraggio ambientale e infrastrutturale<\/p>\n<\/li>\n<li data-start=\"2733\" data-end=\"2816\">\n<p data-start=\"2735\" data-end=\"2816\">Dispositivi <strong data-start=\"2747\" data-end=\"2765\">Wireless M-Bus<\/strong> per roll-out su larga scala nello smart metering<\/p>\n<\/li>\n<li data-start=\"2817\" data-end=\"2907\" data-is-last-node=\"\">\n<p data-start=\"2819\" data-end=\"2907\" data-is-last-node=\"\">Dispositivi RF e protocolli custom per reti industriali private in ambienti RF complessi<\/p>\n<\/li>\n<\/ul>\n<p>[\/et_pb_text][\/et_pb_column][\/et_pb_row][\/et_pb_section][et_pb_section fb_built=&#8221;1&#8243; custom_padding_last_edited=&#8221;on|desktop&#8221; prev_background_color=&#8221;#ffffff&#8221; admin_label=&#8221;Call to action&#8221; _builder_version=&#8221;4.27.4&#8243; _module_preset=&#8221;default&#8221; use_background_color_gradient=&#8221;on&#8221; background_color_gradient_direction=&#8221;130deg&#8221; background_color_gradient_stops=&#8221;#0E2E3D 25%|#3B878F 100%&#8221; background_color_gradient_start=&#8221;#0E2E3D&#8221; background_color_gradient_start_position=&#8221;25%&#8221; background_color_gradient_end=&#8221;#3B878F&#8221; background_image=&#8221;https:\/\/www.embit.eu\/wp-content\/uploads\/2020\/12\/footer.jpg&#8221; parallax=&#8221;on&#8221; custom_padding=&#8221;9vw||7vw||false|false&#8221; custom_padding_tablet=&#8221;100px||100px||true&#8221; custom_padding_phone=&#8221;||||true&#8221; top_divider_style=&#8221;ramp2&#8243; top_divider_height=&#8221;250px&#8221; top_divider_flip=&#8221;vertical&#8221; top_divider_height_tablet=&#8221;150px&#8221; top_divider_height_phone=&#8221;110px&#8221; top_divider_height_last_edited=&#8221;on|phone&#8221; saved_tabs=&#8221;all&#8221; locked=&#8221;off&#8221; global_colors_info=&#8221;{}&#8221;][et_pb_row module_class=&#8221; et_pb_row_fullwidth&#8221; _builder_version=&#8221;4.27.4&#8243; width=&#8221;70%&#8221; width_tablet=&#8221;80%&#8221; width_phone=&#8221;&#8221; width_last_edited=&#8221;on|desktop&#8221; max_width=&#8221;89%&#8221; max_width_tablet=&#8221;80%&#8221; max_width_phone=&#8221;&#8221; max_width_last_edited=&#8221;on|desktop&#8221; custom_margin=&#8221;|||||true&#8221; custom_margin_phone=&#8221;|||&#8221; custom_margin_last_edited=&#8221;off|desktop&#8221; custom_padding=&#8221;|||&#8221; make_fullwidth=&#8221;on&#8221; global_colors_info=&#8221;{}&#8221;][et_pb_column type=&#8221;4_4&#8243; _builder_version=&#8221;4.16&#8243; custom_padding=&#8221;|||&#8221; global_colors_info=&#8221;{}&#8221; custom_padding__hover=&#8221;|||&#8221;][et_pb_text admin_label=&#8221;Testo&#8221; _builder_version=&#8221;4.27.4&#8243; text_font=&#8221;||||||||&#8221; header_font=&#8221;||||||||&#8221; header_2_font=&#8221;Roboto|700|||||||&#8221; header_2_font_size=&#8221;50px&#8221; header_2_line_height=&#8221;1.4em&#8221; header_3_font=&#8221;Roboto|700||on|||||&#8221; header_3_text_align=&#8221;left&#8221; header_3_text_color=&#8221;#ffffff&#8221; header_3_font_size=&#8221;24px&#8221; header_3_letter_spacing=&#8221;5px&#8221; header_3_line_height=&#8221;2em&#8221; background_layout=&#8221;dark&#8221; max_width=&#8221;850px&#8221; module_alignment=&#8221;center&#8221; custom_margin=&#8221;|||&#8221; custom_padding=&#8221;|||&#8221; text_font_size_last_edited=&#8221;off|desktop&#8221; header_2_font_size_tablet=&#8221;40px&#8221; header_2_font_size_phone=&#8221;32px&#8221; header_2_font_size_last_edited=&#8221;on|desktop&#8221; header_3_font_size_tablet=&#8221;16px&#8221; header_3_font_size_phone=&#8221;14px&#8221; header_3_font_size_last_edited=&#8221;on|phone&#8221; text_text_align=&#8221;left&#8221; global_colors_info=&#8221;{}&#8221;]<\/p>\n<h3>LAVORA CON NOI<\/h3>\n<div class=\"et_pb_module et_pb_text et_pb_text_7  et_pb_text_align_left et_pb_bg_layout_dark\">\n<div class=\"et_pb_text_inner\">\n<p>Scopri le posizioni aperte ed entra a far parte del nostro team, oppure invia una candidatura spontanea.<\/p>\n<\/div>\n<\/div>\n<p>[\/et_pb_text][et_pb_button button_url=&#8221;https:\/\/www.embit.eu\/it\/project\/lavora-con-noi\/&#8221; button_text=&#8221;SCOPRI DI PI\u00d9&#8221; button_alignment=&#8221;center&#8221; _builder_version=&#8221;4.27.4&#8243; custom_button=&#8221;on&#8221; button_text_size=&#8221;14px&#8221; button_bg_use_color_gradient=&#8221;on&#8221; button_bg_color_gradient_direction=&#8221;90deg&#8221; button_bg_color_gradient_stops=&#8221;#4297a7 0%|#4297a7 100%&#8221; button_bg_color_gradient_start=&#8221;#4297a7&#8243; button_bg_color_gradient_end=&#8221;#4297a7&#8243; button_border_width=&#8221;0px&#8221; button_border_color=&#8221;rgba(0,0,0,0)&#8221; button_border_radius=&#8221;4px&#8221; button_letter_spacing=&#8221;5px&#8221; button_font=&#8221;Roboto|700||on|||||&#8221; background_layout=&#8221;dark&#8221; custom_margin=&#8221;|||&#8221; custom_padding=&#8221;18px|34px|18px|34px|true|true&#8221; hover_enabled=&#8221;0&#8243; button_letter_spacing_hover=&#8221;5.5px&#8221; global_colors_info=&#8221;{}&#8221; button_text_size__hover_enabled=&#8221;off&#8221; button_one_text_size__hover_enabled=&#8221;off&#8221; button_two_text_size__hover_enabled=&#8221;off&#8221; button_text_color__hover_enabled=&#8221;off&#8221; button_one_text_color__hover_enabled=&#8221;off&#8221; button_two_text_color__hover_enabled=&#8221;off&#8221; button_border_width__hover_enabled=&#8221;off&#8221; button_one_border_width__hover_enabled=&#8221;off&#8221; button_two_border_width__hover_enabled=&#8221;off&#8221; button_border_color__hover_enabled=&#8221;off&#8221; button_one_border_color__hover_enabled=&#8221;off&#8221; button_two_border_color__hover_enabled=&#8221;off&#8221; button_border_radius__hover_enabled=&#8221;off&#8221; button_one_border_radius__hover_enabled=&#8221;off&#8221; button_two_border_radius__hover_enabled=&#8221;off&#8221; button_letter_spacing__hover_enabled=&#8221;on&#8221; button_letter_spacing__hover=&#8221;5.5px&#8221; button_one_letter_spacing__hover_enabled=&#8221;off&#8221; button_two_letter_spacing__hover_enabled=&#8221;off&#8221; button_bg_color__hover_enabled=&#8221;off&#8221; button_one_bg_color__hover_enabled=&#8221;off&#8221; button_two_bg_color__hover_enabled=&#8221;off&#8221; sticky_enabled=&#8221;0&#8243;][\/et_pb_button][\/et_pb_column][\/et_pb_row][\/et_pb_section]<\/p>\n","protected":false},"excerpt":{"rendered":"<p>EMBIT Software &amp; Firmware Development<div class=\"woocommerce columns-4 \"><\/div>Sviluppo Software &amp; Firmware per soluzioni Embedded RF &amp; IoT Embit progetta e sviluppa soluzioni embedded complete per applicazioni Internet of Things (IoT), combinando moduli RF ad alte prestazioni con firmware e software su misura che alimentano sistemi wireless affidabili, scalabili e di livello industriale. A differenza dei fornitori tradizionali [&hellip;]<\/p>\n","protected":false},"author":1,"featured_media":0,"parent":0,"menu_order":0,"comment_status":"closed","ping_status":"closed","template":"","meta":{"_et_pb_use_builder":"on","_et_pb_old_content":"","_et_gb_content_width":"","footnotes":""},"class_list":["post-11484","page","type-page","status-publish","hentry"],"yoast_head":"<!-- This site is optimized with the Yoast SEO plugin v25.3.1 - https:\/\/yoast.com\/wordpress\/plugins\/seo\/ -->\n<title>Custom Software &amp; Firmware Solutions - Embit<\/title>\n<meta name=\"description\" content=\"Explore Embit&#039;s software services for IoT: firmware stacks, embedded systems, Linux platforms, and secure network applications.\" \/>\n<meta name=\"robots\" content=\"index, follow, max-snippet:-1, max-image-preview:large, max-video-preview:-1\" \/>\n<link rel=\"canonical\" href=\"https:\/\/www.embit.eu\/it\/software-firmware-development\/\" \/>\n<meta property=\"og:locale\" content=\"it_IT\" \/>\n<meta property=\"og:type\" content=\"article\" \/>\n<meta property=\"og:title\" content=\"Custom Software &amp; Firmware Solutions - Embit\" \/>\n<meta property=\"og:description\" content=\"Explore Embit&#039;s software services for IoT: firmware stacks, embedded systems, Linux platforms, and secure network applications.\" \/>\n<meta property=\"og:url\" content=\"https:\/\/www.embit.eu\/it\/software-firmware-development\/\" \/>\n<meta property=\"og:site_name\" content=\"Embit\" \/>\n<meta property=\"article:modified_time\" content=\"2026-02-16T11:45:43+00:00\" \/>\n<meta name=\"twitter:card\" content=\"summary_large_image\" \/>\n<meta name=\"twitter:label1\" content=\"Tempo di lettura stimato\" \/>\n\t<meta name=\"twitter:data1\" content=\"2 minuti\" \/>\n<script type=\"application\/ld+json\" class=\"yoast-schema-graph\">{\"@context\":\"https:\/\/schema.org\",\"@graph\":[{\"@type\":\"WebPage\",\"@id\":\"https:\/\/www.embit.eu\/it\/software-firmware-development\/\",\"url\":\"https:\/\/www.embit.eu\/it\/software-firmware-development\/\",\"name\":\"Custom Software & Firmware Solutions - Embit\",\"isPartOf\":{\"@id\":\"https:\/\/www.embit.eu\/it\/#website\"},\"datePublished\":\"2025-06-11T08:17:58+00:00\",\"dateModified\":\"2026-02-16T11:45:43+00:00\",\"description\":\"Explore Embit's software services for IoT: firmware stacks, embedded systems, Linux platforms, and secure network applications.\",\"breadcrumb\":{\"@id\":\"https:\/\/www.embit.eu\/it\/software-firmware-development\/#breadcrumb\"},\"inLanguage\":\"it-IT\",\"potentialAction\":[{\"@type\":\"ReadAction\",\"target\":[\"https:\/\/www.embit.eu\/it\/software-firmware-development\/\"]}]},{\"@type\":\"BreadcrumbList\",\"@id\":\"https:\/\/www.embit.eu\/it\/software-firmware-development\/#breadcrumb\",\"itemListElement\":[{\"@type\":\"ListItem\",\"position\":1,\"name\":\"Home\",\"item\":\"https:\/\/www.embit.eu\/it\/home\/\"},{\"@type\":\"ListItem\",\"position\":2,\"name\":\"Software &amp; Firmware Development\"}]},{\"@type\":\"WebSite\",\"@id\":\"https:\/\/www.embit.eu\/it\/#website\",\"url\":\"https:\/\/www.embit.eu\/it\/\",\"name\":\"Embit\",\"description\":\"\",\"publisher\":{\"@id\":\"https:\/\/www.embit.eu\/it\/#organization\"},\"potentialAction\":[{\"@type\":\"SearchAction\",\"target\":{\"@type\":\"EntryPoint\",\"urlTemplate\":\"https:\/\/www.embit.eu\/it\/?s={search_term_string}\"},\"query-input\":{\"@type\":\"PropertyValueSpecification\",\"valueRequired\":true,\"valueName\":\"search_term_string\"}}],\"inLanguage\":\"it-IT\"},{\"@type\":\"Organization\",\"@id\":\"https:\/\/www.embit.eu\/it\/#organization\",\"name\":\"Embit\",\"url\":\"https:\/\/www.embit.eu\/it\/\",\"logo\":{\"@type\":\"ImageObject\",\"inLanguage\":\"it-IT\",\"@id\":\"https:\/\/www.embit.eu\/it\/#\/schema\/logo\/image\/\",\"url\":\"https:\/\/www.embit.eu\/wp-content\/uploads\/2020\/02\/logo.jpg\",\"contentUrl\":\"https:\/\/www.embit.eu\/wp-content\/uploads\/2020\/02\/logo.jpg\",\"width\":135,\"height\":121,\"caption\":\"Embit\"},\"image\":{\"@id\":\"https:\/\/www.embit.eu\/it\/#\/schema\/logo\/image\/\"}}]}<\/script>\n<!-- \/ Yoast SEO plugin. -->","yoast_head_json":{"title":"Custom Software & Firmware Solutions - Embit","description":"Explore Embit's software services for IoT: firmware stacks, embedded systems, Linux platforms, and secure network applications.","robots":{"index":"index","follow":"follow","max-snippet":"max-snippet:-1","max-image-preview":"max-image-preview:large","max-video-preview":"max-video-preview:-1"},"canonical":"https:\/\/www.embit.eu\/it\/software-firmware-development\/","og_locale":"it_IT","og_type":"article","og_title":"Custom Software & Firmware Solutions - Embit","og_description":"Explore Embit's software services for IoT: firmware stacks, embedded systems, Linux platforms, and secure network applications.","og_url":"https:\/\/www.embit.eu\/it\/software-firmware-development\/","og_site_name":"Embit","article_modified_time":"2026-02-16T11:45:43+00:00","twitter_card":"summary_large_image","twitter_misc":{"Tempo di lettura stimato":"2 minuti"},"schema":{"@context":"https:\/\/schema.org","@graph":[{"@type":"WebPage","@id":"https:\/\/www.embit.eu\/it\/software-firmware-development\/","url":"https:\/\/www.embit.eu\/it\/software-firmware-development\/","name":"Custom Software & Firmware Solutions - Embit","isPartOf":{"@id":"https:\/\/www.embit.eu\/it\/#website"},"datePublished":"2025-06-11T08:17:58+00:00","dateModified":"2026-02-16T11:45:43+00:00","description":"Explore Embit's software services for IoT: firmware stacks, embedded systems, Linux platforms, and secure network applications.","breadcrumb":{"@id":"https:\/\/www.embit.eu\/it\/software-firmware-development\/#breadcrumb"},"inLanguage":"it-IT","potentialAction":[{"@type":"ReadAction","target":["https:\/\/www.embit.eu\/it\/software-firmware-development\/"]}]},{"@type":"BreadcrumbList","@id":"https:\/\/www.embit.eu\/it\/software-firmware-development\/#breadcrumb","itemListElement":[{"@type":"ListItem","position":1,"name":"Home","item":"https:\/\/www.embit.eu\/it\/home\/"},{"@type":"ListItem","position":2,"name":"Software &amp; Firmware Development"}]},{"@type":"WebSite","@id":"https:\/\/www.embit.eu\/it\/#website","url":"https:\/\/www.embit.eu\/it\/","name":"Embit","description":"","publisher":{"@id":"https:\/\/www.embit.eu\/it\/#organization"},"potentialAction":[{"@type":"SearchAction","target":{"@type":"EntryPoint","urlTemplate":"https:\/\/www.embit.eu\/it\/?s={search_term_string}"},"query-input":{"@type":"PropertyValueSpecification","valueRequired":true,"valueName":"search_term_string"}}],"inLanguage":"it-IT"},{"@type":"Organization","@id":"https:\/\/www.embit.eu\/it\/#organization","name":"Embit","url":"https:\/\/www.embit.eu\/it\/","logo":{"@type":"ImageObject","inLanguage":"it-IT","@id":"https:\/\/www.embit.eu\/it\/#\/schema\/logo\/image\/","url":"https:\/\/www.embit.eu\/wp-content\/uploads\/2020\/02\/logo.jpg","contentUrl":"https:\/\/www.embit.eu\/wp-content\/uploads\/2020\/02\/logo.jpg","width":135,"height":121,"caption":"Embit"},"image":{"@id":"https:\/\/www.embit.eu\/it\/#\/schema\/logo\/image\/"}}]}},"_links":{"self":[{"href":"https:\/\/www.embit.eu\/it\/wp-json\/wp\/v2\/pages\/11484","targetHints":{"allow":["GET"]}}],"collection":[{"href":"https:\/\/www.embit.eu\/it\/wp-json\/wp\/v2\/pages"}],"about":[{"href":"https:\/\/www.embit.eu\/it\/wp-json\/wp\/v2\/types\/page"}],"author":[{"embeddable":true,"href":"https:\/\/www.embit.eu\/it\/wp-json\/wp\/v2\/users\/1"}],"replies":[{"embeddable":true,"href":"https:\/\/www.embit.eu\/it\/wp-json\/wp\/v2\/comments?post=11484"}],"version-history":[{"count":4,"href":"https:\/\/www.embit.eu\/it\/wp-json\/wp\/v2\/pages\/11484\/revisions"}],"predecessor-version":[{"id":11601,"href":"https:\/\/www.embit.eu\/it\/wp-json\/wp\/v2\/pages\/11484\/revisions\/11601"}],"wp:attachment":[{"href":"https:\/\/www.embit.eu\/it\/wp-json\/wp\/v2\/media?parent=11484"}],"curies":[{"name":"wp","href":"https:\/\/api.w.org\/{rel}","templated":true}]}}