{"id":295,"date":"2020-02-26T14:55:28","date_gmt":"2020-02-26T13:55:28","guid":{"rendered":"https:\/\/www.embit.eu\/?page_id=295"},"modified":"2020-02-26T15:11:08","modified_gmt":"2020-02-26T14:11:08","slug":"condizioni-generali","status":"publish","type":"page","link":"https:\/\/www.embit.eu\/it\/condizioni-generali\/","title":{"rendered":"Condizioni Generali"},"content":{"rendered":"<p>[et_pb_section fb_built=&#8221;1&#8243; _builder_version=&#8221;3.25.4&#8243; top_divider_style=&#8221;slant2&#8243; top_divider_color=&#8221;#55ba49&#8243; bottom_divider_style=&#8221;ramp2&#8243; bottom_divider_color=&#8221;#55ba49&#8243;][et_pb_row _builder_version=&#8221;3.25&#8243; background_size=&#8221;initial&#8221; background_position=&#8221;top_left&#8221; background_repeat=&#8221;repeat&#8221;][et_pb_column type=&#8221;4_4&#8243; _builder_version=&#8221;3.25&#8243; custom_padding=&#8221;|||&#8221; custom_padding__hover=&#8221;|||&#8221;][et_pb_text _builder_version=&#8221;3.25.4&#8243; background_size=&#8221;initial&#8221; background_position=&#8221;top_left&#8221; background_repeat=&#8221;repeat&#8221;]<\/p>\n<h3>Condizioni Generali Contratto<\/h3>\n<p>Il presente contratto \u00e8 un contratto a distanza ai sensi dell&#8217;articolo 50 e ss.Del D.Lgs.6 settembre 2005 n.206 (codice del consumo). Il contratto ha per oggetto la vendita di beni tra la ditta <strong>EMBIT S.R.L. &#8211; VIA EMILIA EST 911, 41122 Modena &#8211; P.Iva 02938050362<\/strong> e il consumatore (il cliente).<\/p>\n<p>Il contratto e&#8217; concluso direttamente attraverso l&#8217;accettazione da parte di una proposta d&#8217;acquisto emessa da parte del Cliente per via telefonica o tramite internet a seguito dell&#8217;invito ad offrire contenuto nel sito<\/p>\n<h3>Condizioni di Vendita<\/h3>\n<p>Gli acquisti dei prodotti, disponibili come illustrati e descritti online nelle relative schede descrittive e tecniche, sono effettuate dal cliente al prezzo indicato sul sito, al momento dell&#8217;inoltro della conferma d&#8217;ordine, oltre alle spese di trasporto, come visualizzate all&#8217;atto dell&#8217;acquisto.<\/p>\n<p>Prima della conferma dell&#8217;acquisto al cliente, verr\u00e0 riepilogato il costo unitario di ciascun prodotto prescelto, il costo totale in caso di piu&#8217; prodotti e le relative spese di trasporto e nel caso i prezzi siano al netto dell\u2019Iva il totale dell\u2019Iva.<\/p>\n<h3>Consegna Prodotti<\/h3>\n<p>I prodotti acquistati verranno consegnati all&#8217;indirizzo di spedizione indicato dal cliente. Indicare sempre un numero di telefono per eventuali comunicazioni o fax o mail.( tempo di consegna entro 10\/gg. lavorativi).<br \/> Il cliente e&#8217; tenuto a verificare che il pacco sia integro e non danneggiato. Solo dopo tale verifica il cliente dovr\u00e0 accettare la consegna.<br \/> Nel caso in cui il pacco rappresentasse delle anomalie visive rispetto a quanto sopra asserito, il cliente dovr\u00e0 sollevare la contestazione direttamente al vettore, non ritirare la merce e mandare una mail attraverso il sito o un fax alla\u00a0<strong>EMBIT S.R.L.<\/strong><\/p>\n<h3>Modalit\u00e0 di Pagamento<\/h3>\n<p>Il pagamento dei prodotti acquistati e le relative spese di spedizione dovranno essere effettuate dal cliente all&#8217;atto dell&#8217;inoltro della conferma d&#8217;ordine mediante utilizzo di una delle carte di credito, contrassegno o bonifico indicati on line.<\/p>\n<p>ATTENZIONE : L&#8217;addebito sul conto avviene al momento dell&#8217;ordine nel caso di acquisto tramite carta di credito. Nel caso Bonifico Bancario o Assegno\/Vaglia si proceder\u00e0 con la consegna del materiale una volta ricevuto l&#8217;accredito.<\/p>\n<h3>Garanzia Prodotti<\/h3>\n<p>1)Tutti i prodotti commercializzati da <strong>EMBIT S.R.L. <\/strong>sono coperti dalla garanzia convenzionale di 24 mesi per i difetti di conformit\u00e0, ai sensi del DLgs n. 24\/02. Per fruire dell&#8217;assistenza in garanzia, il Cliente dovr\u00e0 conservare la fattura (o il DDT) che ricever\u00e0 insieme ai beni acquistati. Il Cliente potr\u00e0 sempre scaricare dal sito le fatture relative ai suoi acquisti, accedendo all\u2019area riservata.<\/p>\n<p>2) La garanzia di 24 mesi ai sensi del del DLgs n. 24\/02 si applica al prodotto che presenti un difetto di conformit\u00e0, purch\u00e9 lo stesso sia utilizzato correttamente, nel rispetto della sua destinazione d&#8217;uso e di quanto previsto nella documentazione allegata. Tale garanzia, in ossequio al Dlgs. N. 24\/92, \u00e8 riservata solo al Consumatore privato (persona fisica che acquista la merce per scopi non riferibili alla propria attivit\u00e0 professionale, ovvero effettua l&#8217;acquisto senza indicare nel modulo d&#8217;ordine un riferimento di Partita IVA). In caso di difetto di conformit\u00e0, <strong>EMBIT S.R.L. <\/strong>; provvede, senza spese per il Cliente, al ripristino della conformit\u00e0 del prodotto mediante sostituzione o alla riduzione del prezzo, fino alla risoluzione del contratto. Se non dovesse risultare un difetto di conformit\u00e0, ai sensi del DLgs n. 24\/02, al Cliente saranno addebitati gli eventuali costi di verifica, nonch\u00e9 i costi di trasporto se sostenuti da\u00a0<strong>EMBIT S.R.L.<\/strong><\/p>\n<p>3) Nell\u2019ipotesi in cui, per qualsiasi ragione <strong>EMBIT S.R.L. <\/strong>, non fosse in grado di sostituire un prodotto in garanzia (ripristinato o sostituito), potr\u00e0 procedere, previo consenso del Cliente, alla sostituzione del prodotto stesso (se ancora a listino) oppure con altro di pari caratteristiche e valore o, infine, al rilascio di un buono sconto di pari importo spendibile su un altro prodotto valido per 6 mesi dal momento del rilascio.<\/p>\n<p>4) Nessun danno pu\u00f2 essere richiesto a <strong>EMBIT S.R.L. <\/strong>per eventuali ritardi nella sostituzione di prodotti in garanzia.<\/p>\n<p>5) Nei casi in cui l&#8217;applicazione delle garanzie preveda la restituzione del prodotto, il bene dovr\u00e0 essere restituito dal Cliente nella confezione originale, completa in tutte le sue parti; per limitare danneggiamenti alla confezione originale, si raccomanda, quando possibile, di inserirla in una seconda scatola; va evitata in tutti i casi l&#8217;apposizione di etichette o nastri adesivi direttamente sulla confezione originale del prodotto.<\/p>\n<p>&nbsp;<\/p>\n<p>&nbsp;<\/p>\n<p>[\/et_pb_text][\/et_pb_column][\/et_pb_row][\/et_pb_section]<\/p>\n","protected":false},"excerpt":{"rendered":"<p>Condizioni Generali Contratto Il presente contratto \u00e8 un contratto a distanza ai sensi dell&#8217;articolo 50 e ss.Del D.Lgs.6 settembre 2005 n.206 (codice del consumo). Il contratto ha per oggetto la vendita di beni tra la ditta EMBIT S.R.L. &#8211; VIA EMILIA EST 911, 41122 Modena &#8211; P.Iva 02938050362 e il consumatore (il cliente). Il contratto [&hellip;]<\/p>\n","protected":false},"author":1,"featured_media":0,"parent":0,"menu_order":0,"comment_status":"closed","ping_status":"closed","template":"","meta":{"_et_pb_use_builder":"on","_et_pb_old_content":"<p>\u00a0<\/p><ul><li class=\"item-4\"><h3>Condizioni Generali Contratto<\/h3><p>Il presente contratto \u00e8 un contratto a distanza ai sensi dell'articolo 50 e ss.Del D.Lgs.6 settembre 2005 n.206 (codice del consumo). Il contratto ha per oggetto la vendita di beni tra la ditta <strong>test - dsfgdsg, 1234 - 12345 test (y) - P.Iva 1234<\/strong> e il consumatore (il cliente). <br \/><br \/>Il contratto e' concluso direttamente attraverso l'accettazione da parte di una proposta d'acquisto emessa da parte del Cliente per via telefonica o tramite internet a seguito dell'invito ad offrire contenuto nel sito.<\/p><\/li><li class=\"item-5\"><h3>Condizioni di Vendita<\/h3><p>Gli acquisti dei prodotti, disponibili come illustrati e descritti online nelle relative schede descrittive e tecniche, sono effettuate dal cliente al prezzo indicato sul sito, al momento dell'inoltro della conferma d'ordine, oltre alle spese di trasporto, come visualizzate all'atto dell'acquisto.<br \/><br \/>Prima della conferma dell'acquisto al cliente, verr\u00e0 riepilogato il costo unitario di ciascun prodotto prescelto, il costo totale in caso di piu' prodotti e le relative spese di trasporto e nel caso i prezzi siano al netto dell\u2019Iva il totale dell\u2019Iva.<\/p><\/li><li class=\"item-1\"><h3>Consegna Prodotti<\/h3><p>I prodotti acquistati verranno consegnati all'indirizzo di spedizione indicato dal cliente. Indicare sempre un numero di telefono per eventuali comunicazioni o fax o mail.( tempo di consegna entro 10\/gg. lavorativi). <br \/>Il cliente e' tenuto a verificare che il pacco sia integro e non danneggiato. Solo dopo tale verifica il cliente dovr\u00e0 accettare la consegna.<br \/>Nel caso in cui il pacco rappresentasse delle anomalie visive rispetto a quanto sopra asserito, il cliente dovr\u00e0 sollevare la contestazione direttamente al vettore, non ritirare la merce e mandare una mail attraverso il sito o un fax alla <strong>test<\/strong><\/p><\/li><li class=\"item-6\"><h3>Modalit\u00e0 di Pagamento<\/h3><p>Il pagamento dei prodotti acquistati e le relative spese di spedizione dovranno essere effettuate dal cliente all'atto dell'inoltro della conferma d'ordine mediante utilizzo di una delle carte di credito, contrassegno o bonifico indicati on line.<br \/><br \/>ATTENZIONE : L'addebito sul conto avviene al momento dell'ordine nel caso di acquisto tramite carta di credito. Nel caso Bonifico Bancario o Assegno\/Vaglia si proceder\u00e0 con la consegna del materiale una volta ricevuto l'accredito.<\/p><\/li><li class=\"item-2\"><h3>Garanzia Prodotti<\/h3><p>1)Tutti i prodotti commercializzati da <strong>test<\/strong> sono coperti dalla garanzia convenzionale di 24 mesi per i difetti di conformit\u00e0, ai sensi del DLgs n. 24\/02. Per fruire dell'assistenza in garanzia, il Cliente dovr\u00e0 conservare la fattura (o il DDT) che ricever\u00e0 insieme ai beni acquistati. Il Cliente potr\u00e0 sempre scaricare dal sito le fatture relative ai suoi acquisti, accedendo all\u2019area riservata. <br \/><br \/>2) La garanzia di 24 mesi ai sensi del del DLgs n. 24\/02 si applica al prodotto che presenti un difetto di conformit\u00e0, purch\u00e9 lo stesso sia utilizzato correttamente, nel rispetto della sua destinazione d'uso e di quanto previsto nella documentazione allegata. Tale garanzia, in ossequio al Dlgs. N. 24\/92, \u00e8 riservata solo al Consumatore privato (persona fisica che acquista la merce per scopi non riferibili alla propria attivit\u00e0 professionale, ovvero effettua l'acquisto senza indicare nel modulo d'ordine un riferimento di Partita IVA). In caso di difetto di conformit\u00e0, <strong>test<\/strong>; provvede, senza spese per il Cliente, al ripristino della conformit\u00e0 del prodotto mediante sostituzione o alla riduzione del prezzo, fino alla risoluzione del contratto. Se non dovesse risultare un difetto di conformit\u00e0, ai sensi del DLgs n. 24\/02, al Cliente saranno addebitati gli eventuali costi di verifica, nonch\u00e9 i costi di trasporto se sostenuti da <strong>test<\/strong> <br \/><br \/>3) Nell\u2019ipotesi in cui, per qualsiasi ragione <strong>test<\/strong>, non fosse in grado di sostituire un prodotto in garanzia (ripristinato o sostituito), potr\u00e0 procedere, previo consenso del Cliente, alla sostituzione del prodotto stesso (se ancora a listino) oppure con altro di pari caratteristiche e valore o, infine, al rilascio di un buono sconto di pari importo spendibile su un altro prodotto valido per 6 mesi dal momento del rilascio. <br \/><br \/>4) Nessun danno pu\u00f2 essere richiesto a <strong>test<\/strong> per eventuali ritardi nella sostituzione di prodotti in garanzia. <br \/><br \/>5) Nei casi in cui l'applicazione delle garanzie preveda la restituzione del prodotto, il bene dovr\u00e0 essere restituito dal Cliente nella confezione originale, completa in tutte le sue parti; per limitare danneggiamenti alla confezione originale, si raccomanda, quando possibile, di inserirla in una seconda scatola; va evitata in tutti i casi l'apposizione di etichette o nastri adesivi direttamente sulla confezione originale del prodotto.<\/p><\/li><\/ul><p>\u00a0<\/p><p>\u00a0<\/p>","_et_gb_content_width":"","footnotes":""},"class_list":["post-295","page","type-page","status-publish","hentry"],"yoast_head":"<!-- This site is optimized with the Yoast SEO plugin v25.3.1 - https:\/\/yoast.com\/wordpress\/plugins\/seo\/ -->\n<title>Condizioni Generali - Embit<\/title>\n<meta name=\"robots\" content=\"index, follow, max-snippet:-1, max-image-preview:large, max-video-preview:-1\" \/>\n<link rel=\"canonical\" href=\"https:\/\/www.embit.eu\/it\/condizioni-generali\/\" \/>\n<meta property=\"og:locale\" content=\"it_IT\" \/>\n<meta property=\"og:type\" content=\"article\" \/>\n<meta property=\"og:title\" content=\"Condizioni Generali - Embit\" \/>\n<meta property=\"og:description\" content=\"Condizioni Generali Contratto Il presente contratto \u00e8 un contratto a distanza ai sensi dell&#039;articolo 50 e ss.Del D.Lgs.6 settembre 2005 n.206 (codice del consumo). Il contratto ha per oggetto la vendita di beni tra la ditta EMBIT S.R.L. - VIA EMILIA EST 911, 41122 Modena - P.Iva 02938050362 e il consumatore (il cliente). Il contratto [&hellip;]\" \/>\n<meta property=\"og:url\" content=\"https:\/\/www.embit.eu\/it\/condizioni-generali\/\" \/>\n<meta property=\"og:site_name\" content=\"Embit\" \/>\n<meta property=\"article:modified_time\" content=\"2020-02-26T14:11:08+00:00\" \/>\n<meta name=\"twitter:card\" content=\"summary_large_image\" \/>\n<meta name=\"twitter:label1\" content=\"Tempo di lettura stimato\" \/>\n\t<meta name=\"twitter:data1\" content=\"4 minuti\" \/>\n<script type=\"application\/ld+json\" class=\"yoast-schema-graph\">{\"@context\":\"https:\/\/schema.org\",\"@graph\":[{\"@type\":\"WebPage\",\"@id\":\"https:\/\/www.embit.eu\/it\/condizioni-generali\/\",\"url\":\"https:\/\/www.embit.eu\/it\/condizioni-generali\/\",\"name\":\"Condizioni Generali - Embit\",\"isPartOf\":{\"@id\":\"https:\/\/www.embit.eu\/it\/#website\"},\"datePublished\":\"2020-02-26T13:55:28+00:00\",\"dateModified\":\"2020-02-26T14:11:08+00:00\",\"breadcrumb\":{\"@id\":\"https:\/\/www.embit.eu\/it\/condizioni-generali\/#breadcrumb\"},\"inLanguage\":\"it-IT\",\"potentialAction\":[{\"@type\":\"ReadAction\",\"target\":[\"https:\/\/www.embit.eu\/it\/condizioni-generali\/\"]}]},{\"@type\":\"BreadcrumbList\",\"@id\":\"https:\/\/www.embit.eu\/it\/condizioni-generali\/#breadcrumb\",\"itemListElement\":[{\"@type\":\"ListItem\",\"position\":1,\"name\":\"Home\",\"item\":\"https:\/\/www.embit.eu\/it\/home\/\"},{\"@type\":\"ListItem\",\"position\":2,\"name\":\"Condizioni Generali\"}]},{\"@type\":\"WebSite\",\"@id\":\"https:\/\/www.embit.eu\/it\/#website\",\"url\":\"https:\/\/www.embit.eu\/it\/\",\"name\":\"Embit\",\"description\":\"\",\"publisher\":{\"@id\":\"https:\/\/www.embit.eu\/it\/#organization\"},\"potentialAction\":[{\"@type\":\"SearchAction\",\"target\":{\"@type\":\"EntryPoint\",\"urlTemplate\":\"https:\/\/www.embit.eu\/it\/?s={search_term_string}\"},\"query-input\":{\"@type\":\"PropertyValueSpecification\",\"valueRequired\":true,\"valueName\":\"search_term_string\"}}],\"inLanguage\":\"it-IT\"},{\"@type\":\"Organization\",\"@id\":\"https:\/\/www.embit.eu\/it\/#organization\",\"name\":\"Embit\",\"url\":\"https:\/\/www.embit.eu\/it\/\",\"logo\":{\"@type\":\"ImageObject\",\"inLanguage\":\"it-IT\",\"@id\":\"https:\/\/www.embit.eu\/it\/#\/schema\/logo\/image\/\",\"url\":\"https:\/\/www.embit.eu\/wp-content\/uploads\/2020\/02\/logo.jpg\",\"contentUrl\":\"https:\/\/www.embit.eu\/wp-content\/uploads\/2020\/02\/logo.jpg\",\"width\":135,\"height\":121,\"caption\":\"Embit\"},\"image\":{\"@id\":\"https:\/\/www.embit.eu\/it\/#\/schema\/logo\/image\/\"}}]}<\/script>\n<!-- \/ Yoast SEO plugin. -->","yoast_head_json":{"title":"Condizioni Generali - Embit","robots":{"index":"index","follow":"follow","max-snippet":"max-snippet:-1","max-image-preview":"max-image-preview:large","max-video-preview":"max-video-preview:-1"},"canonical":"https:\/\/www.embit.eu\/it\/condizioni-generali\/","og_locale":"it_IT","og_type":"article","og_title":"Condizioni Generali - Embit","og_description":"Condizioni Generali Contratto Il presente contratto \u00e8 un contratto a distanza ai sensi dell'articolo 50 e ss.Del D.Lgs.6 settembre 2005 n.206 (codice del consumo). Il contratto ha per oggetto la vendita di beni tra la ditta EMBIT S.R.L. - VIA EMILIA EST 911, 41122 Modena - P.Iva 02938050362 e il consumatore (il cliente). Il contratto [&hellip;]","og_url":"https:\/\/www.embit.eu\/it\/condizioni-generali\/","og_site_name":"Embit","article_modified_time":"2020-02-26T14:11:08+00:00","twitter_card":"summary_large_image","twitter_misc":{"Tempo di lettura stimato":"4 minuti"},"schema":{"@context":"https:\/\/schema.org","@graph":[{"@type":"WebPage","@id":"https:\/\/www.embit.eu\/it\/condizioni-generali\/","url":"https:\/\/www.embit.eu\/it\/condizioni-generali\/","name":"Condizioni Generali - Embit","isPartOf":{"@id":"https:\/\/www.embit.eu\/it\/#website"},"datePublished":"2020-02-26T13:55:28+00:00","dateModified":"2020-02-26T14:11:08+00:00","breadcrumb":{"@id":"https:\/\/www.embit.eu\/it\/condizioni-generali\/#breadcrumb"},"inLanguage":"it-IT","potentialAction":[{"@type":"ReadAction","target":["https:\/\/www.embit.eu\/it\/condizioni-generali\/"]}]},{"@type":"BreadcrumbList","@id":"https:\/\/www.embit.eu\/it\/condizioni-generali\/#breadcrumb","itemListElement":[{"@type":"ListItem","position":1,"name":"Home","item":"https:\/\/www.embit.eu\/it\/home\/"},{"@type":"ListItem","position":2,"name":"Condizioni Generali"}]},{"@type":"WebSite","@id":"https:\/\/www.embit.eu\/it\/#website","url":"https:\/\/www.embit.eu\/it\/","name":"Embit","description":"","publisher":{"@id":"https:\/\/www.embit.eu\/it\/#organization"},"potentialAction":[{"@type":"SearchAction","target":{"@type":"EntryPoint","urlTemplate":"https:\/\/www.embit.eu\/it\/?s={search_term_string}"},"query-input":{"@type":"PropertyValueSpecification","valueRequired":true,"valueName":"search_term_string"}}],"inLanguage":"it-IT"},{"@type":"Organization","@id":"https:\/\/www.embit.eu\/it\/#organization","name":"Embit","url":"https:\/\/www.embit.eu\/it\/","logo":{"@type":"ImageObject","inLanguage":"it-IT","@id":"https:\/\/www.embit.eu\/it\/#\/schema\/logo\/image\/","url":"https:\/\/www.embit.eu\/wp-content\/uploads\/2020\/02\/logo.jpg","contentUrl":"https:\/\/www.embit.eu\/wp-content\/uploads\/2020\/02\/logo.jpg","width":135,"height":121,"caption":"Embit"},"image":{"@id":"https:\/\/www.embit.eu\/it\/#\/schema\/logo\/image\/"}}]}},"_links":{"self":[{"href":"https:\/\/www.embit.eu\/it\/wp-json\/wp\/v2\/pages\/295","targetHints":{"allow":["GET"]}}],"collection":[{"href":"https:\/\/www.embit.eu\/it\/wp-json\/wp\/v2\/pages"}],"about":[{"href":"https:\/\/www.embit.eu\/it\/wp-json\/wp\/v2\/types\/page"}],"author":[{"embeddable":true,"href":"https:\/\/www.embit.eu\/it\/wp-json\/wp\/v2\/users\/1"}],"replies":[{"embeddable":true,"href":"https:\/\/www.embit.eu\/it\/wp-json\/wp\/v2\/comments?post=295"}],"version-history":[{"count":0,"href":"https:\/\/www.embit.eu\/it\/wp-json\/wp\/v2\/pages\/295\/revisions"}],"wp:attachment":[{"href":"https:\/\/www.embit.eu\/it\/wp-json\/wp\/v2\/media?parent=295"}],"curies":[{"name":"wp","href":"https:\/\/api.w.org\/{rel}","templated":true}]}}