{"id":11299,"date":"2024-01-24T16:56:47","date_gmt":"2024-01-24T15:56:47","guid":{"rendered":"https:\/\/www.embit.eu\/products\/emb-lr1303-mpcie\/"},"modified":"2026-03-09T12:13:37","modified_gmt":"2026-03-09T11:13:37","slug":"emb-lr1303-mpcie","status":"publish","type":"product","link":"https:\/\/www.embit.eu\/it\/prodotto\/emb-lr1303-mpcie\/","title":{"rendered":"EMB-LR1303-mPCIe"},"content":{"rendered":"<p><strong>EMB-LR1303-mPCIe<\/strong> offre connettivit\u00e0 a lungo raggio con comunicazione spread spectrum ultra long-range e alta immunit\u00e0 alle interferenze nelle bande radio 868 MHz (o 915 MHz). Questo dispositivo \u00e8 caratterizzato da un consumo energetico inferiore rispetto alle soluzioni precedenti, un migliore design termico e la capacit\u00e0 di gestire un traffico pi\u00f9 elevato rispetto ai dispositivi precedenti.<\/p>\n<p><strong>EMB-LR1303-mPCIe<\/strong> \u00e8 facile da integrare in ambienti ad alta integrazione, dove la dissipazione termica pu\u00f2 essere una criticit\u00e0.<\/p>\n<p><strong>EMB-LR1303-mPCIe<\/strong> \u00e8 progettata attorno al chip digitale baseband Semtech SX1303 per gateway. Offre 8 canali LoRa\u00ae simultanei nella banda 868 MHz (o 915 MHz), consentendo di ricevere simultaneamente fino a 64 pacchetti LoRa\u00ae.<\/p>\n<p>Raggiunge una sensibilit\u00e0 fino a <strong>-140 dBm<\/strong> e una potenza RF in uscita fino a <strong>+27 dBm<\/strong>, rendendola ideale per applicazioni gateway LoRa\u00ae.<\/p>\n<p>Integra il supporto a due nuovi spreading factor: <strong>SF5<\/strong> e <strong>SF6<\/strong>, per abilitare velocit\u00e0 dati pi\u00f9 elevate.<\/p>\n<p>Sono disponibili due versioni di <strong>EMB-LR1303-mPCIe<\/strong>: <strong>868 MHz<\/strong> o <strong>915 MHz<\/strong>.<\/p>\n<p>Pu\u00f2 essere utilizzata in diverse applicazioni dove \u00e8 richiesto un gateway LoRa\u00ae, ad esempio:<\/p>\n<ul>\n<li>Internet of Things (IoT)<\/li>\n<li>Lettura automatica dei contatori<\/li>\n<li>Smart city<\/li>\n<li>Home &amp; Building Automation<\/li>\n<li>Sistemi di allarme e sicurezza wireless<\/li>\n<\/ul>\n<p><strong>Punti chiave:<\/strong><\/p>\n<ul>\n<li>Connettivit\u00e0 long-range con comunicazione spread spectrum ultra long-range e alta immunit\u00e0 alle interferenze nelle bande radio 868\/915<\/li>\n<li>Fino a <strong>8 canali LoRa\u00ae<\/strong> simultanei in banda 868 MHz (o 915 MHz), con ricezione contemporanea fino a <strong>64 pacchetti LoRa\u00ae<\/strong><\/li>\n<li>Alta sensibilit\u00e0 fino a <strong>-141 dBm<\/strong> e potenza RF in uscita fino a <strong>+27 dBm<\/strong>, ideale per gateway LoRa\u00ae<\/li>\n<li>Nuovi spreading factor <strong>SF5<\/strong> e <strong>SF6<\/strong> per velocit\u00e0 dati pi\u00f9 elevate<\/li>\n<\/ul>\n","protected":false},"excerpt":{"rendered":"<p><strong>Scheda mini PCI express multicanale LoRaWAN\u00ae 868\/915 MHz<\/strong><br \/>\n<strong>EMB-LR1303-mPCIe<\/strong> offre connettivit\u00e0 a lungo raggio tramite comunicazione spread spectrum ultra long-range e alta immunit\u00e0 alle interferenze nella banda radio 868 (o 915 MHz).<\/p>\n","protected":false},"featured_media":11224,"comment_status":"closed","ping_status":"closed","template":"","meta":{"_et_pb_use_builder":"","_et_pb_old_content":"","_et_gb_content_width":""},"class_list":["post-11299","product","type-product","status-publish","has-post-thumbnail","hentry","product_cat-lora-lorawan","product_cat-concentratori-mpcie-lorawan"],"yoast_head":"<!-- This site is optimized with the Yoast SEO plugin v25.3.1 - https:\/\/yoast.com\/wordpress\/plugins\/seo\/ -->\n<title>EMB-LR1303-mPCIe: Versatile LoRa Gateway<\/title>\n<meta name=\"description\" content=\"Optimize IoT networks with EMB-LR1303-mPCIe, offering robust LoRaWAN gateway functionality, advanced RF design, and versatile firmware integration.\" \/>\n<meta name=\"robots\" content=\"index, follow, max-snippet:-1, max-image-preview:large, max-video-preview:-1\" \/>\n<link rel=\"canonical\" href=\"https:\/\/www.embit.eu\/it\/prodotto\/emb-lr1303-mpcie\/\" \/>\n<meta property=\"og:locale\" content=\"it_IT\" \/>\n<meta property=\"og:type\" content=\"article\" \/>\n<meta property=\"og:title\" content=\"EMB-LR1303-mPCIe: Versatile LoRa Gateway\" \/>\n<meta property=\"og:description\" content=\"Optimize IoT networks with EMB-LR1303-mPCIe, offering robust LoRaWAN gateway functionality, advanced RF design, and versatile firmware integration.\" \/>\n<meta property=\"og:url\" content=\"https:\/\/www.embit.eu\/it\/prodotto\/emb-lr1303-mpcie\/\" \/>\n<meta property=\"og:site_name\" content=\"Embit\" \/>\n<meta property=\"article:modified_time\" content=\"2026-03-09T11:13:37+00:00\" \/>\n<meta property=\"og:image\" content=\"https:\/\/www.embit.eu\/wp-content\/uploads\/2025\/09\/EMB-LR1303-mPCie_Compresso_Trasparenza.webp\" \/>\n\t<meta property=\"og:image:width\" content=\"720\" \/>\n\t<meta property=\"og:image:height\" content=\"720\" \/>\n\t<meta property=\"og:image:type\" content=\"image\/webp\" \/>\n<meta name=\"twitter:card\" content=\"summary_large_image\" \/>\n<meta name=\"twitter:label1\" content=\"Tempo di lettura stimato\" \/>\n\t<meta name=\"twitter:data1\" content=\"2 minuti\" \/>\n<script type=\"application\/ld+json\" class=\"yoast-schema-graph\">{\"@context\":\"https:\/\/schema.org\",\"@graph\":[{\"@type\":\"WebPage\",\"@id\":\"https:\/\/www.embit.eu\/it\/prodotto\/emb-lr1303-mpcie\/\",\"url\":\"https:\/\/www.embit.eu\/it\/prodotto\/emb-lr1303-mpcie\/\",\"name\":\"EMB-LR1303-mPCIe: Versatile LoRa Gateway\",\"isPartOf\":{\"@id\":\"https:\/\/www.embit.eu\/it\/#website\"},\"primaryImageOfPage\":{\"@id\":\"https:\/\/www.embit.eu\/it\/prodotto\/emb-lr1303-mpcie\/#primaryimage\"},\"image\":{\"@id\":\"https:\/\/www.embit.eu\/it\/prodotto\/emb-lr1303-mpcie\/#primaryimage\"},\"thumbnailUrl\":\"https:\/\/www.embit.eu\/wp-content\/uploads\/2025\/09\/EMB-LR1303-mPCie_Compresso_Trasparenza.webp\",\"datePublished\":\"2024-01-24T15:56:47+00:00\",\"dateModified\":\"2026-03-09T11:13:37+00:00\",\"description\":\"Optimize IoT networks with EMB-LR1303-mPCIe, offering robust LoRaWAN gateway functionality, advanced RF design, and versatile firmware integration.\",\"breadcrumb\":{\"@id\":\"https:\/\/www.embit.eu\/it\/prodotto\/emb-lr1303-mpcie\/#breadcrumb\"},\"inLanguage\":\"it-IT\",\"potentialAction\":[{\"@type\":\"ReadAction\",\"target\":[\"https:\/\/www.embit.eu\/it\/prodotto\/emb-lr1303-mpcie\/\"]}]},{\"@type\":\"ImageObject\",\"inLanguage\":\"it-IT\",\"@id\":\"https:\/\/www.embit.eu\/it\/prodotto\/emb-lr1303-mpcie\/#primaryimage\",\"url\":\"https:\/\/www.embit.eu\/wp-content\/uploads\/2025\/09\/EMB-LR1303-mPCie_Compresso_Trasparenza.webp\",\"contentUrl\":\"https:\/\/www.embit.eu\/wp-content\/uploads\/2025\/09\/EMB-LR1303-mPCie_Compresso_Trasparenza.webp\",\"width\":720,\"height\":720},{\"@type\":\"BreadcrumbList\",\"@id\":\"https:\/\/www.embit.eu\/it\/prodotto\/emb-lr1303-mpcie\/#breadcrumb\",\"itemListElement\":[{\"@type\":\"ListItem\",\"position\":1,\"name\":\"Home\",\"item\":\"https:\/\/www.embit.eu\/it\/home\/\"},{\"@type\":\"ListItem\",\"position\":2,\"name\":\"I Nostri Prodotti\",\"item\":\"https:\/\/www.embit.eu\/it\/?page_id=123\"},{\"@type\":\"ListItem\",\"position\":3,\"name\":\"EMB-LR1303-mPCIe\"}]},{\"@type\":\"WebSite\",\"@id\":\"https:\/\/www.embit.eu\/it\/#website\",\"url\":\"https:\/\/www.embit.eu\/it\/\",\"name\":\"Embit\",\"description\":\"\",\"publisher\":{\"@id\":\"https:\/\/www.embit.eu\/it\/#organization\"},\"potentialAction\":[{\"@type\":\"SearchAction\",\"target\":{\"@type\":\"EntryPoint\",\"urlTemplate\":\"https:\/\/www.embit.eu\/it\/?s={search_term_string}\"},\"query-input\":{\"@type\":\"PropertyValueSpecification\",\"valueRequired\":true,\"valueName\":\"search_term_string\"}}],\"inLanguage\":\"it-IT\"},{\"@type\":\"Organization\",\"@id\":\"https:\/\/www.embit.eu\/it\/#organization\",\"name\":\"Embit\",\"url\":\"https:\/\/www.embit.eu\/it\/\",\"logo\":{\"@type\":\"ImageObject\",\"inLanguage\":\"it-IT\",\"@id\":\"https:\/\/www.embit.eu\/it\/#\/schema\/logo\/image\/\",\"url\":\"https:\/\/www.embit.eu\/wp-content\/uploads\/2020\/02\/logo.jpg\",\"contentUrl\":\"https:\/\/www.embit.eu\/wp-content\/uploads\/2020\/02\/logo.jpg\",\"width\":135,\"height\":121,\"caption\":\"Embit\"},\"image\":{\"@id\":\"https:\/\/www.embit.eu\/it\/#\/schema\/logo\/image\/\"}}]}<\/script>\n<!-- \/ Yoast SEO plugin. -->","yoast_head_json":{"title":"EMB-LR1303-mPCIe: Versatile LoRa Gateway","description":"Optimize IoT networks with EMB-LR1303-mPCIe, offering robust LoRaWAN gateway functionality, advanced RF design, and versatile firmware integration.","robots":{"index":"index","follow":"follow","max-snippet":"max-snippet:-1","max-image-preview":"max-image-preview:large","max-video-preview":"max-video-preview:-1"},"canonical":"https:\/\/www.embit.eu\/it\/prodotto\/emb-lr1303-mpcie\/","og_locale":"it_IT","og_type":"article","og_title":"EMB-LR1303-mPCIe: Versatile LoRa Gateway","og_description":"Optimize IoT networks with EMB-LR1303-mPCIe, offering robust LoRaWAN gateway functionality, advanced RF design, and versatile firmware integration.","og_url":"https:\/\/www.embit.eu\/it\/prodotto\/emb-lr1303-mpcie\/","og_site_name":"Embit","article_modified_time":"2026-03-09T11:13:37+00:00","og_image":[{"width":720,"height":720,"url":"https:\/\/www.embit.eu\/wp-content\/uploads\/2025\/09\/EMB-LR1303-mPCie_Compresso_Trasparenza.webp","type":"image\/webp"}],"twitter_card":"summary_large_image","twitter_misc":{"Tempo di lettura stimato":"2 minuti"},"schema":{"@context":"https:\/\/schema.org","@graph":[{"@type":"WebPage","@id":"https:\/\/www.embit.eu\/it\/prodotto\/emb-lr1303-mpcie\/","url":"https:\/\/www.embit.eu\/it\/prodotto\/emb-lr1303-mpcie\/","name":"EMB-LR1303-mPCIe: Versatile LoRa Gateway","isPartOf":{"@id":"https:\/\/www.embit.eu\/it\/#website"},"primaryImageOfPage":{"@id":"https:\/\/www.embit.eu\/it\/prodotto\/emb-lr1303-mpcie\/#primaryimage"},"image":{"@id":"https:\/\/www.embit.eu\/it\/prodotto\/emb-lr1303-mpcie\/#primaryimage"},"thumbnailUrl":"https:\/\/www.embit.eu\/wp-content\/uploads\/2025\/09\/EMB-LR1303-mPCie_Compresso_Trasparenza.webp","datePublished":"2024-01-24T15:56:47+00:00","dateModified":"2026-03-09T11:13:37+00:00","description":"Optimize IoT networks with EMB-LR1303-mPCIe, offering robust LoRaWAN gateway functionality, advanced RF design, and versatile firmware integration.","breadcrumb":{"@id":"https:\/\/www.embit.eu\/it\/prodotto\/emb-lr1303-mpcie\/#breadcrumb"},"inLanguage":"it-IT","potentialAction":[{"@type":"ReadAction","target":["https:\/\/www.embit.eu\/it\/prodotto\/emb-lr1303-mpcie\/"]}]},{"@type":"ImageObject","inLanguage":"it-IT","@id":"https:\/\/www.embit.eu\/it\/prodotto\/emb-lr1303-mpcie\/#primaryimage","url":"https:\/\/www.embit.eu\/wp-content\/uploads\/2025\/09\/EMB-LR1303-mPCie_Compresso_Trasparenza.webp","contentUrl":"https:\/\/www.embit.eu\/wp-content\/uploads\/2025\/09\/EMB-LR1303-mPCie_Compresso_Trasparenza.webp","width":720,"height":720},{"@type":"BreadcrumbList","@id":"https:\/\/www.embit.eu\/it\/prodotto\/emb-lr1303-mpcie\/#breadcrumb","itemListElement":[{"@type":"ListItem","position":1,"name":"Home","item":"https:\/\/www.embit.eu\/it\/home\/"},{"@type":"ListItem","position":2,"name":"I Nostri Prodotti","item":"https:\/\/www.embit.eu\/it\/?page_id=123"},{"@type":"ListItem","position":3,"name":"EMB-LR1303-mPCIe"}]},{"@type":"WebSite","@id":"https:\/\/www.embit.eu\/it\/#website","url":"https:\/\/www.embit.eu\/it\/","name":"Embit","description":"","publisher":{"@id":"https:\/\/www.embit.eu\/it\/#organization"},"potentialAction":[{"@type":"SearchAction","target":{"@type":"EntryPoint","urlTemplate":"https:\/\/www.embit.eu\/it\/?s={search_term_string}"},"query-input":{"@type":"PropertyValueSpecification","valueRequired":true,"valueName":"search_term_string"}}],"inLanguage":"it-IT"},{"@type":"Organization","@id":"https:\/\/www.embit.eu\/it\/#organization","name":"Embit","url":"https:\/\/www.embit.eu\/it\/","logo":{"@type":"ImageObject","inLanguage":"it-IT","@id":"https:\/\/www.embit.eu\/it\/#\/schema\/logo\/image\/","url":"https:\/\/www.embit.eu\/wp-content\/uploads\/2020\/02\/logo.jpg","contentUrl":"https:\/\/www.embit.eu\/wp-content\/uploads\/2020\/02\/logo.jpg","width":135,"height":121,"caption":"Embit"},"image":{"@id":"https:\/\/www.embit.eu\/it\/#\/schema\/logo\/image\/"}}]}},"_links":{"self":[{"href":"https:\/\/www.embit.eu\/it\/wp-json\/wp\/v2\/product\/11299","targetHints":{"allow":["GET"]}}],"collection":[{"href":"https:\/\/www.embit.eu\/it\/wp-json\/wp\/v2\/product"}],"about":[{"href":"https:\/\/www.embit.eu\/it\/wp-json\/wp\/v2\/types\/product"}],"replies":[{"embeddable":true,"href":"https:\/\/www.embit.eu\/it\/wp-json\/wp\/v2\/comments?post=11299"}],"wp:featuredmedia":[{"embeddable":true,"href":"https:\/\/www.embit.eu\/it\/wp-json\/wp\/v2\/media\/11224"}],"wp:attachment":[{"href":"https:\/\/www.embit.eu\/it\/wp-json\/wp\/v2\/media?parent=11299"}],"curies":[{"name":"wp","href":"https:\/\/api.w.org\/{rel}","templated":true}]}}