{"id":11301,"date":"2023-12-12T09:51:14","date_gmt":"2023-12-12T08:51:14","guid":{"rendered":"https:\/\/www.embit.eu\/products\/emb-gpdongle-usb\/"},"modified":"2026-02-16T09:39:26","modified_gmt":"2026-02-16T08:39:26","slug":"emb-gpdongle-usb","status":"publish","type":"product","link":"https:\/\/www.embit.eu\/it\/prodotto\/emb-gpdongle-usb\/","title":{"rendered":"EMB-GPDONGLE-USB"},"content":{"rendered":"<p data-start=\"0\" data-end=\"417\"><strong data-start=\"0\" data-end=\"20\">EMB-GPDONGLE-USB<\/strong> \u00e8 una chiavetta USB sviluppata da Embit per consentire ai clienti di iniziare rapidamente a utilizzare i moduli wireless Embit. La <strong data-start=\"152\" data-end=\"172\">EMB-GPDONGLE-USB<\/strong> \u00e8 una chiavetta USB generica che pu\u00f2 ospitare qualsiasi modulo Embit (poich\u00e9 utilizzano tutti lo stesso form factor); il modulo wireless Embit scelto dal cliente pu\u00f2 essere saldato sui pad disponibili della <strong data-start=\"380\" data-end=\"400\">EMB-GPDONGLE-USB<\/strong> in pochi minuti.<\/p>\n<p data-start=\"419\" data-end=\"717\">Collegando quindi la chiavetta USB a un dispositivo host (ad esempio un notebook), il cliente pu\u00f2 comunicare e trasferire immediatamente dati con il modulo wireless Embit saldato sulla <strong data-start=\"604\" data-end=\"624\">EMB-GPDONGLE-USB<\/strong> e, tramite tale modulo, i dati possono essere trasmessi e ricevuti via radio (over-the-air).<\/p>\n<p data-start=\"719\" data-end=\"759\">Le caratteristiche principali includono:<\/p>\n<ul data-start=\"761\" data-end=\"874\" data-is-last-node=\"\" data-is-only-node=\"\">\n<li data-start=\"761\" data-end=\"814\">\n<p data-start=\"763\" data-end=\"814\">pu\u00f2 essere utilizzata come <strong data-start=\"790\" data-end=\"814\">sniffer over-the-air<\/strong><\/p>\n<\/li>\n<li data-start=\"815\" data-end=\"874\" data-is-last-node=\"\">\n<p data-start=\"817\" data-end=\"874\" data-is-last-node=\"\">qualsiasi modulo Embit pu\u00f2 essere saldato su di essa!<\/p>\n<\/li>\n<\/ul>\n","protected":false},"excerpt":{"rendered":"<p data-start=\"0\" data-end=\"46\"><strong data-start=\"0\" data-end=\"46\">Chiavetta USB generica per moduli wireless<\/strong><\/p>\n<p data-start=\"48\" data-end=\"196\" data-is-last-node=\"\" data-is-only-node=\"\"><strong data-start=\"48\" data-end=\"68\">EMB-GPDONGLE-USB<\/strong> \u00e8 una chiavetta USB sviluppata da Embit per consentire ai clienti di iniziare rapidamente a utilizzare i moduli wireless Embit.<\/p>\n","protected":false},"featured_media":4789,"comment_status":"closed","ping_status":"closed","template":"","meta":{"_et_pb_use_builder":"","_et_pb_old_content":"","_et_gb_content_width":""},"class_list":["post-11301","product","type-product","status-publish","has-post-thumbnail","hentry","product_cat-accessori"],"yoast_head":"<!-- This site is optimized with the Yoast SEO plugin v25.3.1 - https:\/\/yoast.com\/wordpress\/plugins\/seo\/ -->\n<title>Versatile Wireless USB Dongle: EMB-GPDONGLE-USB<\/title>\n<meta name=\"description\" content=\"Explore wireless freedom with EMB-GPDONGLE-USB, a USB dongle for rapid Embit module integration. Ideal for data transfer and OTA communication.\" \/>\n<meta name=\"robots\" content=\"index, follow, max-snippet:-1, max-image-preview:large, max-video-preview:-1\" \/>\n<link rel=\"canonical\" href=\"https:\/\/www.embit.eu\/it\/prodotto\/emb-gpdongle-usb\/\" \/>\n<meta property=\"og:locale\" content=\"it_IT\" \/>\n<meta property=\"og:type\" content=\"article\" \/>\n<meta property=\"og:title\" content=\"Versatile Wireless USB Dongle: EMB-GPDONGLE-USB\" \/>\n<meta property=\"og:description\" content=\"Explore wireless freedom with EMB-GPDONGLE-USB, a USB dongle for rapid Embit module integration. Ideal for data transfer and OTA communication.\" \/>\n<meta property=\"og:url\" content=\"https:\/\/www.embit.eu\/it\/prodotto\/emb-gpdongle-usb\/\" \/>\n<meta property=\"og:site_name\" content=\"Embit\" \/>\n<meta property=\"article:modified_time\" content=\"2026-02-16T08:39:26+00:00\" \/>\n<meta property=\"og:image\" content=\"https:\/\/www.embit.eu\/wp-content\/uploads\/2023\/12\/EMB-GPDONGLE-USB-scaled.jpg\" \/>\n\t<meta property=\"og:image:width\" content=\"1200\" \/>\n\t<meta property=\"og:image:height\" content=\"800\" \/>\n\t<meta property=\"og:image:type\" content=\"image\/jpeg\" \/>\n<meta name=\"twitter:card\" content=\"summary_large_image\" \/>\n<meta name=\"twitter:label1\" content=\"Tempo di lettura stimato\" \/>\n\t<meta name=\"twitter:data1\" content=\"1 minuto\" \/>\n<script type=\"application\/ld+json\" class=\"yoast-schema-graph\">{\"@context\":\"https:\/\/schema.org\",\"@graph\":[{\"@type\":\"WebPage\",\"@id\":\"https:\/\/www.embit.eu\/it\/prodotto\/emb-gpdongle-usb\/\",\"url\":\"https:\/\/www.embit.eu\/it\/prodotto\/emb-gpdongle-usb\/\",\"name\":\"Versatile Wireless USB Dongle: EMB-GPDONGLE-USB\",\"isPartOf\":{\"@id\":\"https:\/\/www.embit.eu\/it\/#website\"},\"primaryImageOfPage\":{\"@id\":\"https:\/\/www.embit.eu\/it\/prodotto\/emb-gpdongle-usb\/#primaryimage\"},\"image\":{\"@id\":\"https:\/\/www.embit.eu\/it\/prodotto\/emb-gpdongle-usb\/#primaryimage\"},\"thumbnailUrl\":\"https:\/\/www.embit.eu\/wp-content\/uploads\/2023\/12\/EMB-GPDONGLE-USB-scaled.jpg\",\"datePublished\":\"2023-12-12T08:51:14+00:00\",\"dateModified\":\"2026-02-16T08:39:26+00:00\",\"description\":\"Explore wireless freedom with EMB-GPDONGLE-USB, a USB dongle for rapid Embit module integration. Ideal for data transfer and OTA communication.\",\"breadcrumb\":{\"@id\":\"https:\/\/www.embit.eu\/it\/prodotto\/emb-gpdongle-usb\/#breadcrumb\"},\"inLanguage\":\"it-IT\",\"potentialAction\":[{\"@type\":\"ReadAction\",\"target\":[\"https:\/\/www.embit.eu\/it\/prodotto\/emb-gpdongle-usb\/\"]}]},{\"@type\":\"ImageObject\",\"inLanguage\":\"it-IT\",\"@id\":\"https:\/\/www.embit.eu\/it\/prodotto\/emb-gpdongle-usb\/#primaryimage\",\"url\":\"https:\/\/www.embit.eu\/wp-content\/uploads\/2023\/12\/EMB-GPDONGLE-USB-scaled.jpg\",\"contentUrl\":\"https:\/\/www.embit.eu\/wp-content\/uploads\/2023\/12\/EMB-GPDONGLE-USB-scaled.jpg\",\"width\":1200,\"height\":800},{\"@type\":\"BreadcrumbList\",\"@id\":\"https:\/\/www.embit.eu\/it\/prodotto\/emb-gpdongle-usb\/#breadcrumb\",\"itemListElement\":[{\"@type\":\"ListItem\",\"position\":1,\"name\":\"Home\",\"item\":\"https:\/\/www.embit.eu\/it\/home\/\"},{\"@type\":\"ListItem\",\"position\":2,\"name\":\"I Nostri Prodotti\",\"item\":\"https:\/\/www.embit.eu\/it\/?page_id=123\"},{\"@type\":\"ListItem\",\"position\":3,\"name\":\"EMB-GPDONGLE-USB\"}]},{\"@type\":\"WebSite\",\"@id\":\"https:\/\/www.embit.eu\/it\/#website\",\"url\":\"https:\/\/www.embit.eu\/it\/\",\"name\":\"Embit\",\"description\":\"\",\"publisher\":{\"@id\":\"https:\/\/www.embit.eu\/it\/#organization\"},\"potentialAction\":[{\"@type\":\"SearchAction\",\"target\":{\"@type\":\"EntryPoint\",\"urlTemplate\":\"https:\/\/www.embit.eu\/it\/?s={search_term_string}\"},\"query-input\":{\"@type\":\"PropertyValueSpecification\",\"valueRequired\":true,\"valueName\":\"search_term_string\"}}],\"inLanguage\":\"it-IT\"},{\"@type\":\"Organization\",\"@id\":\"https:\/\/www.embit.eu\/it\/#organization\",\"name\":\"Embit\",\"url\":\"https:\/\/www.embit.eu\/it\/\",\"logo\":{\"@type\":\"ImageObject\",\"inLanguage\":\"it-IT\",\"@id\":\"https:\/\/www.embit.eu\/it\/#\/schema\/logo\/image\/\",\"url\":\"https:\/\/www.embit.eu\/wp-content\/uploads\/2020\/02\/logo.jpg\",\"contentUrl\":\"https:\/\/www.embit.eu\/wp-content\/uploads\/2020\/02\/logo.jpg\",\"width\":135,\"height\":121,\"caption\":\"Embit\"},\"image\":{\"@id\":\"https:\/\/www.embit.eu\/it\/#\/schema\/logo\/image\/\"}}]}<\/script>\n<!-- \/ Yoast SEO plugin. -->","yoast_head_json":{"title":"Versatile Wireless USB Dongle: EMB-GPDONGLE-USB","description":"Explore wireless freedom with EMB-GPDONGLE-USB, a USB dongle for rapid Embit module integration. Ideal for data transfer and OTA communication.","robots":{"index":"index","follow":"follow","max-snippet":"max-snippet:-1","max-image-preview":"max-image-preview:large","max-video-preview":"max-video-preview:-1"},"canonical":"https:\/\/www.embit.eu\/it\/prodotto\/emb-gpdongle-usb\/","og_locale":"it_IT","og_type":"article","og_title":"Versatile Wireless USB Dongle: EMB-GPDONGLE-USB","og_description":"Explore wireless freedom with EMB-GPDONGLE-USB, a USB dongle for rapid Embit module integration. Ideal for data transfer and OTA communication.","og_url":"https:\/\/www.embit.eu\/it\/prodotto\/emb-gpdongle-usb\/","og_site_name":"Embit","article_modified_time":"2026-02-16T08:39:26+00:00","og_image":[{"width":1200,"height":800,"url":"https:\/\/www.embit.eu\/wp-content\/uploads\/2023\/12\/EMB-GPDONGLE-USB-scaled.jpg","type":"image\/jpeg"}],"twitter_card":"summary_large_image","twitter_misc":{"Tempo di lettura stimato":"1 minuto"},"schema":{"@context":"https:\/\/schema.org","@graph":[{"@type":"WebPage","@id":"https:\/\/www.embit.eu\/it\/prodotto\/emb-gpdongle-usb\/","url":"https:\/\/www.embit.eu\/it\/prodotto\/emb-gpdongle-usb\/","name":"Versatile Wireless USB Dongle: EMB-GPDONGLE-USB","isPartOf":{"@id":"https:\/\/www.embit.eu\/it\/#website"},"primaryImageOfPage":{"@id":"https:\/\/www.embit.eu\/it\/prodotto\/emb-gpdongle-usb\/#primaryimage"},"image":{"@id":"https:\/\/www.embit.eu\/it\/prodotto\/emb-gpdongle-usb\/#primaryimage"},"thumbnailUrl":"https:\/\/www.embit.eu\/wp-content\/uploads\/2023\/12\/EMB-GPDONGLE-USB-scaled.jpg","datePublished":"2023-12-12T08:51:14+00:00","dateModified":"2026-02-16T08:39:26+00:00","description":"Explore wireless freedom with EMB-GPDONGLE-USB, a USB dongle for rapid Embit module integration. Ideal for data transfer and OTA communication.","breadcrumb":{"@id":"https:\/\/www.embit.eu\/it\/prodotto\/emb-gpdongle-usb\/#breadcrumb"},"inLanguage":"it-IT","potentialAction":[{"@type":"ReadAction","target":["https:\/\/www.embit.eu\/it\/prodotto\/emb-gpdongle-usb\/"]}]},{"@type":"ImageObject","inLanguage":"it-IT","@id":"https:\/\/www.embit.eu\/it\/prodotto\/emb-gpdongle-usb\/#primaryimage","url":"https:\/\/www.embit.eu\/wp-content\/uploads\/2023\/12\/EMB-GPDONGLE-USB-scaled.jpg","contentUrl":"https:\/\/www.embit.eu\/wp-content\/uploads\/2023\/12\/EMB-GPDONGLE-USB-scaled.jpg","width":1200,"height":800},{"@type":"BreadcrumbList","@id":"https:\/\/www.embit.eu\/it\/prodotto\/emb-gpdongle-usb\/#breadcrumb","itemListElement":[{"@type":"ListItem","position":1,"name":"Home","item":"https:\/\/www.embit.eu\/it\/home\/"},{"@type":"ListItem","position":2,"name":"I Nostri Prodotti","item":"https:\/\/www.embit.eu\/it\/?page_id=123"},{"@type":"ListItem","position":3,"name":"EMB-GPDONGLE-USB"}]},{"@type":"WebSite","@id":"https:\/\/www.embit.eu\/it\/#website","url":"https:\/\/www.embit.eu\/it\/","name":"Embit","description":"","publisher":{"@id":"https:\/\/www.embit.eu\/it\/#organization"},"potentialAction":[{"@type":"SearchAction","target":{"@type":"EntryPoint","urlTemplate":"https:\/\/www.embit.eu\/it\/?s={search_term_string}"},"query-input":{"@type":"PropertyValueSpecification","valueRequired":true,"valueName":"search_term_string"}}],"inLanguage":"it-IT"},{"@type":"Organization","@id":"https:\/\/www.embit.eu\/it\/#organization","name":"Embit","url":"https:\/\/www.embit.eu\/it\/","logo":{"@type":"ImageObject","inLanguage":"it-IT","@id":"https:\/\/www.embit.eu\/it\/#\/schema\/logo\/image\/","url":"https:\/\/www.embit.eu\/wp-content\/uploads\/2020\/02\/logo.jpg","contentUrl":"https:\/\/www.embit.eu\/wp-content\/uploads\/2020\/02\/logo.jpg","width":135,"height":121,"caption":"Embit"},"image":{"@id":"https:\/\/www.embit.eu\/it\/#\/schema\/logo\/image\/"}}]}},"_links":{"self":[{"href":"https:\/\/www.embit.eu\/it\/wp-json\/wp\/v2\/product\/11301","targetHints":{"allow":["GET"]}}],"collection":[{"href":"https:\/\/www.embit.eu\/it\/wp-json\/wp\/v2\/product"}],"about":[{"href":"https:\/\/www.embit.eu\/it\/wp-json\/wp\/v2\/types\/product"}],"replies":[{"embeddable":true,"href":"https:\/\/www.embit.eu\/it\/wp-json\/wp\/v2\/comments?post=11301"}],"wp:featuredmedia":[{"embeddable":true,"href":"https:\/\/www.embit.eu\/it\/wp-json\/wp\/v2\/media\/4789"}],"wp:attachment":[{"href":"https:\/\/www.embit.eu\/it\/wp-json\/wp\/v2\/media?parent=11301"}],"curies":[{"name":"wp","href":"https:\/\/api.w.org\/{rel}","templated":true}]}}