{"id":11304,"date":"2021-01-18T11:22:08","date_gmt":"2021-01-18T10:20:04","guid":{"rendered":"https:\/\/www.embit.eu\/products\/2-4-ghz-lora-gateway\/"},"modified":"2026-03-09T12:10:30","modified_gmt":"2026-03-09T11:10:30","slug":"2-4-ghz-lora-gateway","status":"publish","type":"product","link":"https:\/\/www.embit.eu\/it\/prodotto\/2-4-ghz-lora-gateway\/","title":{"rendered":"EMB-Fem2GW-O-2G4"},"content":{"rendered":"<p>[et_pb_section fb_built=&#8221;1&#8243; _builder_version=&#8221;4.16&#8243; custom_padding=&#8221;0px||||false|false&#8221; locked=&#8221;off&#8221; global_colors_info=&#8221;{}&#8221;][et_pb_row _builder_version=&#8221;4.16&#8243; background_size=&#8221;initial&#8221; background_position=&#8221;top_left&#8221; background_repeat=&#8221;repeat&#8221; width=&#8221;100%&#8221; custom_padding=&#8221;0px||0px||false|false&#8221; global_colors_info=&#8221;{}&#8221;][et_pb_column type=&#8221;4_4&#8243; _builder_version=&#8221;4.16&#8243; custom_padding=&#8221;|||&#8221; global_colors_info=&#8221;{}&#8221; custom_padding__hover=&#8221;|||&#8221;][et_pb_wc_breadcrumb _builder_version=&#8221;4.16&#8243; global_colors_info=&#8221;{}&#8221;][\/et_pb_wc_breadcrumb][et_pb_wc_cart_notice _builder_version=&#8221;4.16&#8243; global_colors_info=&#8221;{}&#8221;][\/et_pb_wc_cart_notice][\/et_pb_column][\/et_pb_row][et_pb_row column_structure=&#8221;1_2,1_2&#8243; _builder_version=&#8221;4.16&#8243; background_size=&#8221;initial&#8221; background_position=&#8221;top_left&#8221; background_repeat=&#8221;repeat&#8221; width=&#8221;100%&#8221; custom_padding=&#8221;0px||||false|false&#8221; global_colors_info=&#8221;{}&#8221;][et_pb_column type=&#8221;1_2&#8243; _builder_version=&#8221;4.16&#8243; custom_padding=&#8221;|||&#8221; global_colors_info=&#8221;{}&#8221; custom_padding__hover=&#8221;|||&#8221;][et_pb_wc_images _builder_version=&#8221;4.16&#8243; global_colors_info=&#8221;{}&#8221;][\/et_pb_wc_images][\/et_pb_column][et_pb_column type=&#8221;1_2&#8243; _builder_version=&#8221;4.16&#8243; custom_padding=&#8221;|||&#8221; global_colors_info=&#8221;{}&#8221; custom_padding__hover=&#8221;|||&#8221;][et_pb_wc_title _builder_version=&#8221;4.16&#8243; global_colors_info=&#8221;{}&#8221;][\/et_pb_wc_title][et_pb_wc_rating _builder_version=&#8221;4.16&#8243; global_colors_info=&#8221;{}&#8221;][\/et_pb_wc_rating][et_pb_wc_price _builder_version=&#8221;4.16&#8243; global_colors_info=&#8221;{}&#8221;][\/et_pb_wc_price][et_pb_wc_description _builder_version=&#8221;4.16&#8243; global_colors_info=&#8221;{}&#8221;][\/et_pb_wc_description][et_pb_wc_add_to_cart _builder_version=&#8221;4.16&#8243; global_colors_info=&#8221;{}&#8221;][\/et_pb_wc_add_to_cart][et_pb_wc_meta _builder_version=&#8221;4.16&#8243; global_colors_info=&#8221;{}&#8221;][\/et_pb_wc_meta][\/et_pb_column][\/et_pb_row][et_pb_row _builder_version=&#8221;4.16&#8243; background_size=&#8221;initial&#8221; background_position=&#8221;top_left&#8221; background_repeat=&#8221;repeat&#8221; width=&#8221;100%&#8221; global_colors_info=&#8221;{}&#8221;][et_pb_column type=&#8221;4_4&#8243; _builder_version=&#8221;4.16&#8243; custom_padding=&#8221;|||&#8221; global_colors_info=&#8221;{}&#8221; custom_padding__hover=&#8221;|||&#8221;][et_pb_wc_tabs _builder_version=&#8221;4.16&#8243; global_colors_info=&#8221;{}&#8221;] [\/et_pb_wc_tabs][et_pb_wc_upsells _builder_version=&#8221;4.16&#8243; global_colors_info=&#8221;{}&#8221;][\/et_pb_wc_upsells][et_pb_wc_related_products _builder_version=&#8221;4.16&#8243; global_colors_info=&#8221;{}&#8221;][\/et_pb_wc_related_products][\/et_pb_column][\/et_pb_row][\/et_pb_section]<\/p>\n","protected":false},"excerpt":{"rendered":"<p><strong data-start=\"0\" data-end=\"20\" data-is-only-node=\"\">EMB-Fem2GW-O-2G4<\/strong> \u00e8 una piattaforma di rete outdoor multiprotocollo progettata per soddisfare scenari IoT (Internet of Things) e M2M (Machine-to-Machine) in ambienti di smart city e smart home. Consente la connettivit\u00e0 <strong data-start=\"222\" data-end=\"239\">LoRa\u00ae 2.4 GHz<\/strong> al cloud, essendo pienamente conforme alle specifiche del protocollo <strong data-start=\"309\" data-end=\"334\">LoRa\u00ae 2.4 GHz Semtech<\/strong>.<\/p>\n","protected":false},"featured_media":5221,"comment_status":"closed","ping_status":"closed","template":"","meta":{"_et_pb_use_builder":"on","_et_pb_old_content":"<div class=\"flex flex-col text-sm pb-25\"><article class=\"text-token-text-primary w-full focus:outline-none [--shadow-height:45px] has-data-writing-block:pointer-events-none has-data-writing-block:-mt-(--shadow-height) has-data-writing-block:pt-(--shadow-height) [&amp;:has([data-writing-block])&gt;*]:pointer-events-auto scroll-mt-[calc(var(--header-height)+min(200px,max(70px,20svh)))]\" dir=\"auto\" data-turn-id=\"request-WEB:8d513fb1-d205-4d54-915c-e1482bd28459-17\" data-testid=\"conversation-turn-24\" data-scroll-anchor=\"true\" data-turn=\"assistant\">\r\n<div class=\"text-base my-auto mx-auto pb-10 [--thread-content-margin:--spacing(4)] @w-sm\/main:[--thread-content-margin:--spacing(6)] @w-lg\/main:[--thread-content-margin:--spacing(16)] px-(--thread-content-margin)\">\r\n<div class=\"[--thread-content-max-width:40rem] @w-lg\/main:[--thread-content-max-width:48rem] mx-auto max-w-(--thread-content-max-width) flex-1 group\/turn-messages focus-visible:outline-hidden relative flex w-full min-w-0 flex-col agent-turn\">\r\n<div class=\"flex max-w-full flex-col grow\">\r\n<div class=\"min-h-8 text-message relative flex w-full flex-col items-end gap-2 text-start break-words whitespace-normal [.text-message+&amp;]:mt-1\" dir=\"auto\" data-message-author-role=\"assistant\" data-message-id=\"868f1047-4403-49e6-a95f-5b8433cb118e\" data-message-model-slug=\"gpt-5-2\">\r\n<div class=\"flex w-full flex-col gap-1 empty:hidden first:pt-[1px]\">\r\n<div class=\"markdown prose dark:prose-invert w-full wrap-break-word dark markdown-new-styling\">\r\n<p data-start=\"0\" data-end=\"333\"><strong data-start=\"0\" data-end=\"20\">EMB-Fem2GW-O-2G4<\/strong> \u00e8 una piattaforma di rete outdoor multiprotocollo progettata per soddisfare scenari IoT (Internet of Things) e M2M (Machine-to-Machine) in ambienti di smart city e smart home. Consente la connettivit\u00e0 <strong data-start=\"222\" data-end=\"238\">LoRa\u00ae 2.4GHz<\/strong> al cloud, essendo pienamente conforme alle specifiche del protocollo <strong data-start=\"308\" data-end=\"332\">LoRa\u00ae 2.4GHz Semtech<\/strong>.<\/p>\r\n<p data-start=\"335\" data-end=\"1011\"><strong data-start=\"335\" data-end=\"355\">EMB-Fem2GW-O-2G4<\/strong> fornisce la funzionalit\u00e0 di packet forwarder <strong data-start=\"401\" data-end=\"417\">LoRa\u00ae 2.4GHz<\/strong>: la radio <strong data-start=\"428\" data-end=\"438\">SX1280<\/strong> opera come stazione base LoRa\u00ae, ricevendo i pacchetti radio <strong data-start=\"499\" data-end=\"516\">LoRa\u00ae 2.4 GHz<\/strong> e inoltrandoli a un network server <strong data-start=\"552\" data-end=\"568\">LoRa\u00ae 2.4GHz<\/strong>. Dispone di connessione <strong data-start=\"593\" data-end=\"603\" data-is-only-node=\"\">TCP\/IP<\/strong> tramite Ethernet oppure tramite connessione <strong data-start=\"648\" data-end=\"654\">4G<\/strong>, disponibile con scheda SIM e modulo mini PCI express 4G. La banda <strong data-start=\"722\" data-end=\"732\">2.4GHz<\/strong> \u00e8 una banda ISM globale, che consente di distribuire facilmente il prodotto in tutto il mondo. La connessione 4G \u00e8 adattabile alla regione di utilizzo semplicemente sostituendo la scheda mini PCI. Il gateway include la connettivit\u00e0 <strong data-start=\"965\" data-end=\"972\">GPS<\/strong> per la localizzazione del dispositivo.<\/p>\r\n<p data-start=\"1013\" data-end=\"1598\"><strong data-start=\"1013\" data-end=\"1033\">EMB-Fem2GW-O-2G4<\/strong> \u00e8 basato sulla scheda MiniPCI-express EMBIT <strong data-start=\"1078\" data-end=\"1101\">EMB-LR1280-mPCIe-4x<\/strong>. Gestisce <strong data-start=\"1112\" data-end=\"1150\">3 canali LoRa\u00ae 2.4GHz in ricezione<\/strong> e <strong data-start=\"1153\" data-end=\"1194\">1 canale LoRa\u00ae 2.4GHz in trasmissione<\/strong>. Il design RF di Embit \u00e8 studiato per coprire fino a <strong data-start=\"1248\" data-end=\"1257\">10 km<\/strong> in area rurale e fino a <strong data-start=\"1282\" data-end=\"1290\" data-is-only-node=\"\">1 km<\/strong> in area urbana. In scenari indoor sfrutta le propriet\u00e0 RF della banda <strong data-start=\"1361\" data-end=\"1371\">2.4GHz<\/strong> e offre un\u2019elevata immunit\u00e0 alle interferenze con altre tecnologie wireless, come <strong data-start=\"1454\" data-end=\"1462\">WiFi<\/strong> o <strong data-start=\"1465\" data-end=\"1478\">Bluetooth<\/strong>. La banda <strong data-start=\"1489\" data-end=\"1503\">ISM 2.4GHz<\/strong> non \u00e8 soggetta a restrizioni di duty cycle e il gateway pu\u00f2 trasmettere dati in modo continuo.<\/p>\r\n<p data-start=\"1600\" data-end=\"1941\">Il sistema operativo \u00e8 basato su una distribuzione <strong data-start=\"1651\" data-end=\"1660\">Linux<\/strong>, configurabile dai clienti secondo le proprie esigenze con accesso root completo. <strong data-start=\"1743\" data-end=\"1763\">EMB-Fem2GW-O-2G4<\/strong> offre un\u2019interfaccia web per gestire e configurare la connettivit\u00e0 con i diversi protocolli di rete. Pu\u00f2 essere alimentato tramite <strong data-start=\"1895\" data-end=\"1940\">IEEE 802.3af\/at Power-Over-Ethernet (PoE)<\/strong>.<\/p>\r\n<p data-start=\"1943\" data-end=\"2069\"><strong data-start=\"1943\" data-end=\"1963\">EMB-Fem2GW-O-2G4<\/strong> \u00e8 la soluzione ideale per numerose applicazioni globali che richiedono un gateway <strong data-start=\"2046\" data-end=\"2062\">LoRa\u00ae 2.4GHz<\/strong>, come:<\/p>\r\n\r\n<ul data-start=\"2071\" data-end=\"2252\" data-is-last-node=\"\" data-is-only-node=\"\">\r\n \t<li data-start=\"2071\" data-end=\"2099\">\r\n<p data-start=\"2073\" data-end=\"2099\">Logistica e Supply Chain<\/p>\r\n<\/li>\r\n \t<li data-start=\"2100\" data-end=\"2140\">\r\n<p data-start=\"2102\" data-end=\"2140\">Monitoraggio e controllo industriale<\/p>\r\n<\/li>\r\n \t<li data-start=\"2141\" data-end=\"2168\">\r\n<p data-start=\"2143\" data-end=\"2168\">Automazione di fabbrica<\/p>\r\n<\/li>\r\n \t<li data-start=\"2169\" data-end=\"2210\">\r\n<p data-start=\"2171\" data-end=\"2210\">Automazione domestica e degli edifici<\/p>\r\n<\/li>\r\n \t<li data-start=\"2211\" data-end=\"2252\" data-is-last-node=\"\">\r\n<p data-start=\"2213\" data-end=\"2252\" data-is-last-node=\"\">Sistemi di allarme e sicurezza wireless<\/p>\r\n<\/li>\r\n<\/ul>\r\n<\/div>\r\n<\/div>\r\n<\/div>\r\n<\/div>\r\n<\/div>\r\n<\/div>\r\n<\/article><\/div>","_et_gb_content_width":""},"class_list":["post-11304","product","type-product","status-publish","has-post-thumbnail","hentry","product_cat-lora-lorawan","product_cat-gateway-lorawan"],"yoast_head":"<!-- This site is optimized with the Yoast SEO plugin v25.3.1 - https:\/\/yoast.com\/wordpress\/plugins\/seo\/ -->\n<title>EMB-Fem2GW-O-2G4: High-Frequency Gateway<\/title>\n<meta name=\"description\" content=\"Explore EMB-Fem2GW-O-2G4, Embit&#039;s efficient 2.4GHz LoRa Gateway for secure, global IoT connectivity. Ideal for versatile network solutions.\" \/>\n<meta name=\"robots\" content=\"index, follow, max-snippet:-1, max-image-preview:large, max-video-preview:-1\" \/>\n<link rel=\"canonical\" href=\"https:\/\/www.embit.eu\/it\/prodotto\/2-4-ghz-lora-gateway\/\" \/>\n<meta property=\"og:locale\" content=\"it_IT\" \/>\n<meta property=\"og:type\" content=\"article\" \/>\n<meta property=\"og:title\" content=\"EMB-Fem2GW-O-2G4: High-Frequency Gateway\" \/>\n<meta property=\"og:description\" content=\"Explore EMB-Fem2GW-O-2G4, Embit&#039;s efficient 2.4GHz LoRa Gateway for secure, global IoT connectivity. Ideal for versatile network solutions.\" \/>\n<meta property=\"og:url\" content=\"https:\/\/www.embit.eu\/it\/prodotto\/2-4-ghz-lora-gateway\/\" \/>\n<meta property=\"og:site_name\" content=\"Embit\" \/>\n<meta property=\"article:modified_time\" content=\"2026-03-09T11:10:30+00:00\" \/>\n<meta property=\"og:image\" content=\"https:\/\/www.embit.eu\/wp-content\/uploads\/2021\/01\/Fem2GW-2G4-modificato-8.jpg\" \/>\n\t<meta property=\"og:image:width\" content=\"1200\" \/>\n\t<meta property=\"og:image:height\" content=\"800\" \/>\n\t<meta property=\"og:image:type\" content=\"image\/jpeg\" \/>\n<meta name=\"twitter:card\" content=\"summary_large_image\" \/>\n<meta name=\"twitter:label1\" content=\"Tempo di lettura stimato\" \/>\n\t<meta name=\"twitter:data1\" content=\"1 minuto\" \/>\n<script type=\"application\/ld+json\" class=\"yoast-schema-graph\">{\"@context\":\"https:\/\/schema.org\",\"@graph\":[{\"@type\":\"WebPage\",\"@id\":\"https:\/\/www.embit.eu\/it\/prodotto\/2-4-ghz-lora-gateway\/\",\"url\":\"https:\/\/www.embit.eu\/it\/prodotto\/2-4-ghz-lora-gateway\/\",\"name\":\"EMB-Fem2GW-O-2G4: High-Frequency Gateway\",\"isPartOf\":{\"@id\":\"https:\/\/www.embit.eu\/it\/#website\"},\"primaryImageOfPage\":{\"@id\":\"https:\/\/www.embit.eu\/it\/prodotto\/2-4-ghz-lora-gateway\/#primaryimage\"},\"image\":{\"@id\":\"https:\/\/www.embit.eu\/it\/prodotto\/2-4-ghz-lora-gateway\/#primaryimage\"},\"thumbnailUrl\":\"https:\/\/www.embit.eu\/wp-content\/uploads\/2021\/01\/Fem2GW-2G4-modificato-8.jpg\",\"datePublished\":\"2021-01-18T10:20:04+00:00\",\"dateModified\":\"2026-03-09T11:10:30+00:00\",\"description\":\"Explore EMB-Fem2GW-O-2G4, Embit's efficient 2.4GHz LoRa Gateway for secure, global IoT connectivity. Ideal for versatile network solutions.\",\"breadcrumb\":{\"@id\":\"https:\/\/www.embit.eu\/it\/prodotto\/2-4-ghz-lora-gateway\/#breadcrumb\"},\"inLanguage\":\"it-IT\",\"potentialAction\":[{\"@type\":\"ReadAction\",\"target\":[\"https:\/\/www.embit.eu\/it\/prodotto\/2-4-ghz-lora-gateway\/\"]}]},{\"@type\":\"ImageObject\",\"inLanguage\":\"it-IT\",\"@id\":\"https:\/\/www.embit.eu\/it\/prodotto\/2-4-ghz-lora-gateway\/#primaryimage\",\"url\":\"https:\/\/www.embit.eu\/wp-content\/uploads\/2021\/01\/Fem2GW-2G4-modificato-8.jpg\",\"contentUrl\":\"https:\/\/www.embit.eu\/wp-content\/uploads\/2021\/01\/Fem2GW-2G4-modificato-8.jpg\",\"width\":1200,\"height\":800},{\"@type\":\"BreadcrumbList\",\"@id\":\"https:\/\/www.embit.eu\/it\/prodotto\/2-4-ghz-lora-gateway\/#breadcrumb\",\"itemListElement\":[{\"@type\":\"ListItem\",\"position\":1,\"name\":\"Home\",\"item\":\"https:\/\/www.embit.eu\/it\/home\/\"},{\"@type\":\"ListItem\",\"position\":2,\"name\":\"I Nostri Prodotti\",\"item\":\"https:\/\/www.embit.eu\/it\/?page_id=123\"},{\"@type\":\"ListItem\",\"position\":3,\"name\":\"EMB-Fem2GW-O-2G4\"}]},{\"@type\":\"WebSite\",\"@id\":\"https:\/\/www.embit.eu\/it\/#website\",\"url\":\"https:\/\/www.embit.eu\/it\/\",\"name\":\"Embit\",\"description\":\"\",\"publisher\":{\"@id\":\"https:\/\/www.embit.eu\/it\/#organization\"},\"potentialAction\":[{\"@type\":\"SearchAction\",\"target\":{\"@type\":\"EntryPoint\",\"urlTemplate\":\"https:\/\/www.embit.eu\/it\/?s={search_term_string}\"},\"query-input\":{\"@type\":\"PropertyValueSpecification\",\"valueRequired\":true,\"valueName\":\"search_term_string\"}}],\"inLanguage\":\"it-IT\"},{\"@type\":\"Organization\",\"@id\":\"https:\/\/www.embit.eu\/it\/#organization\",\"name\":\"Embit\",\"url\":\"https:\/\/www.embit.eu\/it\/\",\"logo\":{\"@type\":\"ImageObject\",\"inLanguage\":\"it-IT\",\"@id\":\"https:\/\/www.embit.eu\/it\/#\/schema\/logo\/image\/\",\"url\":\"https:\/\/www.embit.eu\/wp-content\/uploads\/2020\/02\/logo.jpg\",\"contentUrl\":\"https:\/\/www.embit.eu\/wp-content\/uploads\/2020\/02\/logo.jpg\",\"width\":135,\"height\":121,\"caption\":\"Embit\"},\"image\":{\"@id\":\"https:\/\/www.embit.eu\/it\/#\/schema\/logo\/image\/\"}}]}<\/script>\n<!-- \/ Yoast SEO plugin. -->","yoast_head_json":{"title":"EMB-Fem2GW-O-2G4: High-Frequency Gateway","description":"Explore EMB-Fem2GW-O-2G4, Embit's efficient 2.4GHz LoRa Gateway for secure, global IoT connectivity. Ideal for versatile network solutions.","robots":{"index":"index","follow":"follow","max-snippet":"max-snippet:-1","max-image-preview":"max-image-preview:large","max-video-preview":"max-video-preview:-1"},"canonical":"https:\/\/www.embit.eu\/it\/prodotto\/2-4-ghz-lora-gateway\/","og_locale":"it_IT","og_type":"article","og_title":"EMB-Fem2GW-O-2G4: High-Frequency Gateway","og_description":"Explore EMB-Fem2GW-O-2G4, Embit's efficient 2.4GHz LoRa Gateway for secure, global IoT connectivity. Ideal for versatile network solutions.","og_url":"https:\/\/www.embit.eu\/it\/prodotto\/2-4-ghz-lora-gateway\/","og_site_name":"Embit","article_modified_time":"2026-03-09T11:10:30+00:00","og_image":[{"width":1200,"height":800,"url":"https:\/\/www.embit.eu\/wp-content\/uploads\/2021\/01\/Fem2GW-2G4-modificato-8.jpg","type":"image\/jpeg"}],"twitter_card":"summary_large_image","twitter_misc":{"Tempo di lettura stimato":"1 minuto"},"schema":{"@context":"https:\/\/schema.org","@graph":[{"@type":"WebPage","@id":"https:\/\/www.embit.eu\/it\/prodotto\/2-4-ghz-lora-gateway\/","url":"https:\/\/www.embit.eu\/it\/prodotto\/2-4-ghz-lora-gateway\/","name":"EMB-Fem2GW-O-2G4: High-Frequency Gateway","isPartOf":{"@id":"https:\/\/www.embit.eu\/it\/#website"},"primaryImageOfPage":{"@id":"https:\/\/www.embit.eu\/it\/prodotto\/2-4-ghz-lora-gateway\/#primaryimage"},"image":{"@id":"https:\/\/www.embit.eu\/it\/prodotto\/2-4-ghz-lora-gateway\/#primaryimage"},"thumbnailUrl":"https:\/\/www.embit.eu\/wp-content\/uploads\/2021\/01\/Fem2GW-2G4-modificato-8.jpg","datePublished":"2021-01-18T10:20:04+00:00","dateModified":"2026-03-09T11:10:30+00:00","description":"Explore EMB-Fem2GW-O-2G4, Embit's efficient 2.4GHz LoRa Gateway for secure, global IoT connectivity. Ideal for versatile network solutions.","breadcrumb":{"@id":"https:\/\/www.embit.eu\/it\/prodotto\/2-4-ghz-lora-gateway\/#breadcrumb"},"inLanguage":"it-IT","potentialAction":[{"@type":"ReadAction","target":["https:\/\/www.embit.eu\/it\/prodotto\/2-4-ghz-lora-gateway\/"]}]},{"@type":"ImageObject","inLanguage":"it-IT","@id":"https:\/\/www.embit.eu\/it\/prodotto\/2-4-ghz-lora-gateway\/#primaryimage","url":"https:\/\/www.embit.eu\/wp-content\/uploads\/2021\/01\/Fem2GW-2G4-modificato-8.jpg","contentUrl":"https:\/\/www.embit.eu\/wp-content\/uploads\/2021\/01\/Fem2GW-2G4-modificato-8.jpg","width":1200,"height":800},{"@type":"BreadcrumbList","@id":"https:\/\/www.embit.eu\/it\/prodotto\/2-4-ghz-lora-gateway\/#breadcrumb","itemListElement":[{"@type":"ListItem","position":1,"name":"Home","item":"https:\/\/www.embit.eu\/it\/home\/"},{"@type":"ListItem","position":2,"name":"I Nostri Prodotti","item":"https:\/\/www.embit.eu\/it\/?page_id=123"},{"@type":"ListItem","position":3,"name":"EMB-Fem2GW-O-2G4"}]},{"@type":"WebSite","@id":"https:\/\/www.embit.eu\/it\/#website","url":"https:\/\/www.embit.eu\/it\/","name":"Embit","description":"","publisher":{"@id":"https:\/\/www.embit.eu\/it\/#organization"},"potentialAction":[{"@type":"SearchAction","target":{"@type":"EntryPoint","urlTemplate":"https:\/\/www.embit.eu\/it\/?s={search_term_string}"},"query-input":{"@type":"PropertyValueSpecification","valueRequired":true,"valueName":"search_term_string"}}],"inLanguage":"it-IT"},{"@type":"Organization","@id":"https:\/\/www.embit.eu\/it\/#organization","name":"Embit","url":"https:\/\/www.embit.eu\/it\/","logo":{"@type":"ImageObject","inLanguage":"it-IT","@id":"https:\/\/www.embit.eu\/it\/#\/schema\/logo\/image\/","url":"https:\/\/www.embit.eu\/wp-content\/uploads\/2020\/02\/logo.jpg","contentUrl":"https:\/\/www.embit.eu\/wp-content\/uploads\/2020\/02\/logo.jpg","width":135,"height":121,"caption":"Embit"},"image":{"@id":"https:\/\/www.embit.eu\/it\/#\/schema\/logo\/image\/"}}]}},"_links":{"self":[{"href":"https:\/\/www.embit.eu\/it\/wp-json\/wp\/v2\/product\/11304","targetHints":{"allow":["GET"]}}],"collection":[{"href":"https:\/\/www.embit.eu\/it\/wp-json\/wp\/v2\/product"}],"about":[{"href":"https:\/\/www.embit.eu\/it\/wp-json\/wp\/v2\/types\/product"}],"replies":[{"embeddable":true,"href":"https:\/\/www.embit.eu\/it\/wp-json\/wp\/v2\/comments?post=11304"}],"wp:featuredmedia":[{"embeddable":true,"href":"https:\/\/www.embit.eu\/it\/wp-json\/wp\/v2\/media\/5221"}],"wp:attachment":[{"href":"https:\/\/www.embit.eu\/it\/wp-json\/wp\/v2\/media?parent=11304"}],"curies":[{"name":"wp","href":"https:\/\/api.w.org\/{rel}","templated":true}]}}