{"id":11311,"date":"2021-01-13T14:32:21","date_gmt":"2021-01-13T13:33:15","guid":{"rendered":"https:\/\/www.embit.eu\/products\/emb-lr1302-mpcie\/"},"modified":"2026-03-09T12:13:06","modified_gmt":"2026-03-09T11:13:06","slug":"emb-lr1302-mpcie","status":"publish","type":"product","link":"https:\/\/www.embit.eu\/it\/prodotto\/emb-lr1302-mpcie\/","title":{"rendered":"EMB-LR1302-mPCIe"},"content":{"rendered":"<p><strong>EMB-LR1302-mPCIe<\/strong> offre connettivit\u00e0 a lungo raggio grazie a comunicazioni a spettro espanso a lunghissima portata e a un\u2019elevata immunit\u00e0 alle interferenze sulla banda radio 868 (o 915 MHz). Questo dispositivo si distingue per un consumo energetico significativamente inferiore rispetto alle soluzioni precedenti, un design termico migliorato ed \u00e8 in grado di gestire un volume di traffico superiore rispetto ai dispositivi precedenti.<\/p>\n<p><strong>EMB-LR1302-mPCIe<\/strong> \u00e8 pi\u00f9 facile da incorporare in ambienti altamente integrati, dove la dissipazione della potenza pu\u00f2 rappresentare una sfida.<\/p>\n<p><strong>EMB-LR1302-mPCIe<\/strong> \u00e8 progettato attorno al chip LoRa\u00ae digitale di nuova generazione, Semtech SX1302 per gateway. Offre fino a 8 canali LoRa\u00ae sulla frequenza 868 MHz (o 915 MHz), consentendo la ricezione simultanea di fino a 64 pacchetti LoRa\u00ae.<\/p>\n<p>\u00c8 in grado di raggiungere una sensibilit\u00e0 fino a \u2013141 dBm e una potenza di uscita RF di +27 dBm, rendendolo il dispositivo ideale per applicazioni di gateway LoRa\u00ae.<\/p>\n<p><strong>EMB-LR1302-mPCIe<\/strong> supporta due nuovi spreading factor: SF5 e SF6. Questo consente agli utenti di ottenere comunicazioni con velocit\u00e0 di trasmissione dati pi\u00f9 elevate.<\/p>\n<p>Sono disponibili due versioni di <strong>EMB-LR1302-mPCIe<\/strong>: versioni USB e SPI, entrambe nelle varianti 868 MHz.<\/p>\n<p><strong>EMB-LR1302-mPCIe pu\u00f2 essere utilizzato in diverse applicazioni in cui \u00e8 necessario un gateway LoRa\u00ae, come ad esempio:<\/strong><\/p>\n<ul>\n<li>Internet of Things (IoT)<\/li>\n<li>Lettura automatica dei contatori (AMR)<\/li>\n<li>Smart Cities<\/li>\n<li>Automazione domestica e degli edifici<\/li>\n<li>Sistemi di allarme e sicurezza wireless<\/li>\n<\/ul>\n","protected":false},"excerpt":{"rendered":"<p><strong>Modulo mini PCI Express LoRaWAN\u00ae multicanale 868\/915 MHz<\/strong><\/p>\n<p><strong>EMB-LR1302-mPCIe<\/strong> offre connettivit\u00e0 a lungo raggio grazie a comunicazioni a spettro espanso a lunghissima portata e a un\u2019elevata immunit\u00e0 alle interferenze sulla banda radio 868 (o 915 MHz).<\/p>\n","protected":false},"featured_media":11244,"comment_status":"closed","ping_status":"closed","template":"","meta":{"_et_pb_use_builder":"","_et_pb_old_content":"","_et_gb_content_width":""},"class_list":["post-11311","product","type-product","status-publish","has-post-thumbnail","hentry","product_cat-lora-lorawan","product_cat-concentratori-mpcie-lorawan"],"yoast_head":"<!-- This site is optimized with the Yoast SEO plugin v25.3.1 - https:\/\/yoast.com\/wordpress\/plugins\/seo\/ -->\n<title>EMB-LR1302-mPCIe: LoRaWAN Concentrator<\/title>\n<meta name=\"description\" content=\"Explore the EMB-LR1302-mPCIe, the optimal LoRaWAN concentrator card for advanced, reliable IoT network performance and scalability.\" \/>\n<meta name=\"robots\" content=\"index, follow, max-snippet:-1, max-image-preview:large, max-video-preview:-1\" \/>\n<link rel=\"canonical\" href=\"https:\/\/www.embit.eu\/it\/prodotto\/emb-lr1302-mpcie\/\" \/>\n<meta property=\"og:locale\" content=\"it_IT\" \/>\n<meta property=\"og:type\" content=\"article\" \/>\n<meta property=\"og:title\" content=\"EMB-LR1302-mPCIe: LoRaWAN Concentrator\" \/>\n<meta property=\"og:description\" content=\"Explore the EMB-LR1302-mPCIe, the optimal LoRaWAN concentrator card for advanced, reliable IoT network performance and scalability.\" \/>\n<meta property=\"og:url\" content=\"https:\/\/www.embit.eu\/it\/prodotto\/emb-lr1302-mpcie\/\" \/>\n<meta property=\"og:site_name\" content=\"Embit\" \/>\n<meta property=\"article:modified_time\" content=\"2026-03-09T11:13:06+00:00\" \/>\n<meta property=\"og:image\" content=\"https:\/\/www.embit.eu\/wp-content\/uploads\/2025\/09\/EMB-LR1302-mPCie_Compresso_Trasparenza.webp\" \/>\n\t<meta property=\"og:image:width\" content=\"720\" \/>\n\t<meta property=\"og:image:height\" content=\"720\" \/>\n\t<meta property=\"og:image:type\" content=\"image\/webp\" \/>\n<meta name=\"twitter:card\" content=\"summary_large_image\" \/>\n<meta name=\"twitter:label1\" content=\"Tempo di lettura stimato\" \/>\n\t<meta name=\"twitter:data1\" content=\"2 minuti\" \/>\n<script type=\"application\/ld+json\" class=\"yoast-schema-graph\">{\"@context\":\"https:\/\/schema.org\",\"@graph\":[{\"@type\":\"WebPage\",\"@id\":\"https:\/\/www.embit.eu\/it\/prodotto\/emb-lr1302-mpcie\/\",\"url\":\"https:\/\/www.embit.eu\/it\/prodotto\/emb-lr1302-mpcie\/\",\"name\":\"EMB-LR1302-mPCIe: LoRaWAN Concentrator\",\"isPartOf\":{\"@id\":\"https:\/\/www.embit.eu\/it\/#website\"},\"primaryImageOfPage\":{\"@id\":\"https:\/\/www.embit.eu\/it\/prodotto\/emb-lr1302-mpcie\/#primaryimage\"},\"image\":{\"@id\":\"https:\/\/www.embit.eu\/it\/prodotto\/emb-lr1302-mpcie\/#primaryimage\"},\"thumbnailUrl\":\"https:\/\/www.embit.eu\/wp-content\/uploads\/2025\/09\/EMB-LR1302-mPCie_Compresso_Trasparenza.webp\",\"datePublished\":\"2021-01-13T13:33:15+00:00\",\"dateModified\":\"2026-03-09T11:13:06+00:00\",\"description\":\"Explore the EMB-LR1302-mPCIe, the optimal LoRaWAN concentrator card for advanced, reliable IoT network performance and scalability.\",\"breadcrumb\":{\"@id\":\"https:\/\/www.embit.eu\/it\/prodotto\/emb-lr1302-mpcie\/#breadcrumb\"},\"inLanguage\":\"it-IT\",\"potentialAction\":[{\"@type\":\"ReadAction\",\"target\":[\"https:\/\/www.embit.eu\/it\/prodotto\/emb-lr1302-mpcie\/\"]}]},{\"@type\":\"ImageObject\",\"inLanguage\":\"it-IT\",\"@id\":\"https:\/\/www.embit.eu\/it\/prodotto\/emb-lr1302-mpcie\/#primaryimage\",\"url\":\"https:\/\/www.embit.eu\/wp-content\/uploads\/2025\/09\/EMB-LR1302-mPCie_Compresso_Trasparenza.webp\",\"contentUrl\":\"https:\/\/www.embit.eu\/wp-content\/uploads\/2025\/09\/EMB-LR1302-mPCie_Compresso_Trasparenza.webp\",\"width\":720,\"height\":720},{\"@type\":\"BreadcrumbList\",\"@id\":\"https:\/\/www.embit.eu\/it\/prodotto\/emb-lr1302-mpcie\/#breadcrumb\",\"itemListElement\":[{\"@type\":\"ListItem\",\"position\":1,\"name\":\"Home\",\"item\":\"https:\/\/www.embit.eu\/it\/home\/\"},{\"@type\":\"ListItem\",\"position\":2,\"name\":\"I Nostri Prodotti\",\"item\":\"https:\/\/www.embit.eu\/it\/?page_id=123\"},{\"@type\":\"ListItem\",\"position\":3,\"name\":\"EMB-LR1302-mPCIe\"}]},{\"@type\":\"WebSite\",\"@id\":\"https:\/\/www.embit.eu\/it\/#website\",\"url\":\"https:\/\/www.embit.eu\/it\/\",\"name\":\"Embit\",\"description\":\"\",\"publisher\":{\"@id\":\"https:\/\/www.embit.eu\/it\/#organization\"},\"potentialAction\":[{\"@type\":\"SearchAction\",\"target\":{\"@type\":\"EntryPoint\",\"urlTemplate\":\"https:\/\/www.embit.eu\/it\/?s={search_term_string}\"},\"query-input\":{\"@type\":\"PropertyValueSpecification\",\"valueRequired\":true,\"valueName\":\"search_term_string\"}}],\"inLanguage\":\"it-IT\"},{\"@type\":\"Organization\",\"@id\":\"https:\/\/www.embit.eu\/it\/#organization\",\"name\":\"Embit\",\"url\":\"https:\/\/www.embit.eu\/it\/\",\"logo\":{\"@type\":\"ImageObject\",\"inLanguage\":\"it-IT\",\"@id\":\"https:\/\/www.embit.eu\/it\/#\/schema\/logo\/image\/\",\"url\":\"https:\/\/www.embit.eu\/wp-content\/uploads\/2020\/02\/logo.jpg\",\"contentUrl\":\"https:\/\/www.embit.eu\/wp-content\/uploads\/2020\/02\/logo.jpg\",\"width\":135,\"height\":121,\"caption\":\"Embit\"},\"image\":{\"@id\":\"https:\/\/www.embit.eu\/it\/#\/schema\/logo\/image\/\"}}]}<\/script>\n<!-- \/ Yoast SEO plugin. -->","yoast_head_json":{"title":"EMB-LR1302-mPCIe: LoRaWAN Concentrator","description":"Explore the EMB-LR1302-mPCIe, the optimal LoRaWAN concentrator card for advanced, reliable IoT network performance and scalability.","robots":{"index":"index","follow":"follow","max-snippet":"max-snippet:-1","max-image-preview":"max-image-preview:large","max-video-preview":"max-video-preview:-1"},"canonical":"https:\/\/www.embit.eu\/it\/prodotto\/emb-lr1302-mpcie\/","og_locale":"it_IT","og_type":"article","og_title":"EMB-LR1302-mPCIe: LoRaWAN Concentrator","og_description":"Explore the EMB-LR1302-mPCIe, the optimal LoRaWAN concentrator card for advanced, reliable IoT network performance and scalability.","og_url":"https:\/\/www.embit.eu\/it\/prodotto\/emb-lr1302-mpcie\/","og_site_name":"Embit","article_modified_time":"2026-03-09T11:13:06+00:00","og_image":[{"width":720,"height":720,"url":"https:\/\/www.embit.eu\/wp-content\/uploads\/2025\/09\/EMB-LR1302-mPCie_Compresso_Trasparenza.webp","type":"image\/webp"}],"twitter_card":"summary_large_image","twitter_misc":{"Tempo di lettura stimato":"2 minuti"},"schema":{"@context":"https:\/\/schema.org","@graph":[{"@type":"WebPage","@id":"https:\/\/www.embit.eu\/it\/prodotto\/emb-lr1302-mpcie\/","url":"https:\/\/www.embit.eu\/it\/prodotto\/emb-lr1302-mpcie\/","name":"EMB-LR1302-mPCIe: LoRaWAN Concentrator","isPartOf":{"@id":"https:\/\/www.embit.eu\/it\/#website"},"primaryImageOfPage":{"@id":"https:\/\/www.embit.eu\/it\/prodotto\/emb-lr1302-mpcie\/#primaryimage"},"image":{"@id":"https:\/\/www.embit.eu\/it\/prodotto\/emb-lr1302-mpcie\/#primaryimage"},"thumbnailUrl":"https:\/\/www.embit.eu\/wp-content\/uploads\/2025\/09\/EMB-LR1302-mPCie_Compresso_Trasparenza.webp","datePublished":"2021-01-13T13:33:15+00:00","dateModified":"2026-03-09T11:13:06+00:00","description":"Explore the EMB-LR1302-mPCIe, the optimal LoRaWAN concentrator card for advanced, reliable IoT network performance and scalability.","breadcrumb":{"@id":"https:\/\/www.embit.eu\/it\/prodotto\/emb-lr1302-mpcie\/#breadcrumb"},"inLanguage":"it-IT","potentialAction":[{"@type":"ReadAction","target":["https:\/\/www.embit.eu\/it\/prodotto\/emb-lr1302-mpcie\/"]}]},{"@type":"ImageObject","inLanguage":"it-IT","@id":"https:\/\/www.embit.eu\/it\/prodotto\/emb-lr1302-mpcie\/#primaryimage","url":"https:\/\/www.embit.eu\/wp-content\/uploads\/2025\/09\/EMB-LR1302-mPCie_Compresso_Trasparenza.webp","contentUrl":"https:\/\/www.embit.eu\/wp-content\/uploads\/2025\/09\/EMB-LR1302-mPCie_Compresso_Trasparenza.webp","width":720,"height":720},{"@type":"BreadcrumbList","@id":"https:\/\/www.embit.eu\/it\/prodotto\/emb-lr1302-mpcie\/#breadcrumb","itemListElement":[{"@type":"ListItem","position":1,"name":"Home","item":"https:\/\/www.embit.eu\/it\/home\/"},{"@type":"ListItem","position":2,"name":"I Nostri Prodotti","item":"https:\/\/www.embit.eu\/it\/?page_id=123"},{"@type":"ListItem","position":3,"name":"EMB-LR1302-mPCIe"}]},{"@type":"WebSite","@id":"https:\/\/www.embit.eu\/it\/#website","url":"https:\/\/www.embit.eu\/it\/","name":"Embit","description":"","publisher":{"@id":"https:\/\/www.embit.eu\/it\/#organization"},"potentialAction":[{"@type":"SearchAction","target":{"@type":"EntryPoint","urlTemplate":"https:\/\/www.embit.eu\/it\/?s={search_term_string}"},"query-input":{"@type":"PropertyValueSpecification","valueRequired":true,"valueName":"search_term_string"}}],"inLanguage":"it-IT"},{"@type":"Organization","@id":"https:\/\/www.embit.eu\/it\/#organization","name":"Embit","url":"https:\/\/www.embit.eu\/it\/","logo":{"@type":"ImageObject","inLanguage":"it-IT","@id":"https:\/\/www.embit.eu\/it\/#\/schema\/logo\/image\/","url":"https:\/\/www.embit.eu\/wp-content\/uploads\/2020\/02\/logo.jpg","contentUrl":"https:\/\/www.embit.eu\/wp-content\/uploads\/2020\/02\/logo.jpg","width":135,"height":121,"caption":"Embit"},"image":{"@id":"https:\/\/www.embit.eu\/it\/#\/schema\/logo\/image\/"}}]}},"_links":{"self":[{"href":"https:\/\/www.embit.eu\/it\/wp-json\/wp\/v2\/product\/11311","targetHints":{"allow":["GET"]}}],"collection":[{"href":"https:\/\/www.embit.eu\/it\/wp-json\/wp\/v2\/product"}],"about":[{"href":"https:\/\/www.embit.eu\/it\/wp-json\/wp\/v2\/types\/product"}],"replies":[{"embeddable":true,"href":"https:\/\/www.embit.eu\/it\/wp-json\/wp\/v2\/comments?post=11311"}],"wp:featuredmedia":[{"embeddable":true,"href":"https:\/\/www.embit.eu\/it\/wp-json\/wp\/v2\/media\/11244"}],"wp:attachment":[{"href":"https:\/\/www.embit.eu\/it\/wp-json\/wp\/v2\/media?parent=11311"}],"curies":[{"name":"wp","href":"https:\/\/api.w.org\/{rel}","templated":true}]}}